{"id":867,"date":"2024-04-16T14:30:26","date_gmt":"2024-04-16T11:30:26","guid":{"rendered":"https:\/\/siguldaspv.edu.lv\/?page_id=867"},"modified":"2025-05-08T09:42:12","modified_gmt":"2025-05-08T06:42:12","slug":"stundu-saraksta-izmainas-bf","status":"publish","type":"page","link":"https:\/\/siguldaspv.edu.lv\/?page_id=867","title":{"rendered":"Stundu saraksta izmai\u0146as m\u0101kslu klas\u0113m"},"content":{"rendered":"\n<iframe loading=\"lazy\" width=\"100%\" height=\"700\" frameborder=\"0\" scrolling=\"no\" src=\"https:\/\/1drv.ms\/x\/c\/c39f579ee1333dfc\/UQT8PTPhnlefIIDDZjsgAAAAAO8tJOfzYnJdXb0?em=2&#038;wdAllowInteractivity=False&#038;ActiveCell='BF'!A1&#038;wdHideGridlines=True&#038;wdDownloadButton=True&#038;wdInConfigurator=True&#038;wdInConfigurator=True\"><\/iframe>\n","protected":false},"excerpt":{"rendered":"","protected":false},"author":1,"featured_media":0,"parent":0,"menu_order":0,"comment_status":"closed","ping_status":"closed","template":"","meta":{"inline_featured_image":false,"footnotes":""},"class_list":["post-867","page","type-page","status-publish"],"_links":{"self":[{"href":"https:\/\/siguldaspv.edu.lv\/index.php?rest_route=\/wp\/v2\/pages\/867","targetHints":{"allow":["GET"]}}],"collection":[{"href":"https:\/\/siguldaspv.edu.lv\/index.php?rest_route=\/wp\/v2\/pages"}],"about":[{"href":"https:\/\/siguldaspv.edu.lv\/index.php?rest_route=\/wp\/v2\/types\/page"}],"author":[{"embeddable":true,"href":"https:\/\/siguldaspv.edu.lv\/index.php?rest_route=\/wp\/v2\/users\/1"}],"replies":[{"embeddable":true,"href":"https:\/\/siguldaspv.edu.lv\/index.php?rest_route=%2Fwp%2Fv2%2Fcomments&post=867"}],"version-history":[{"count":11,"href":"https:\/\/siguldaspv.edu.lv\/index.php?rest_route=\/wp\/v2\/pages\/867\/revisions"}],"predecessor-version":[{"id":1156,"href":"https:\/\/siguldaspv.edu.lv\/index.php?rest_route=\/wp\/v2\/pages\/867\/revisions\/1156"}],"wp:attachment":[{"href":"https:\/\/siguldaspv.edu.lv\/index.php?rest_route=%2Fwp%2Fv2%2Fmedia&parent=867"}],"curies":[{"name":"wp","href":"https:\/\/api.w.org\/{rel}","templated":true}]}}