{"id":591,"date":"2022-09-21T10:30:47","date_gmt":"2022-09-21T07:30:47","guid":{"rendered":"https:\/\/siguldaspv.edu.lv\/?page_id=591"},"modified":"2025-12-02T17:41:59","modified_gmt":"2025-12-02T15:41:59","slug":"interesu-izglitiba","status":"publish","type":"page","link":"https:\/\/siguldaspv.edu.lv\/?page_id=591","title":{"rendered":"Intere\u0161u izgl\u012bt\u012bba"},"content":{"rendered":"\n<p><a href=\"https:\/\/siguldaspv.edu.lv\/wp-content\/uploads\/2025\/12\/Pulcinji_A4_2025.pdf\">Intere\u0161u izgl\u012bt\u012bbas pulci\u0146i Siguldas pils\u0113tas vidusskol\u0101 2025.\/2026.m\u0101c.g.<\/a><\/p>\n\n\n<div class=\"wp-block-image\">\n<figure class=\"aligncenter size-full is-resized\"><img loading=\"lazy\" decoding=\"async\" width=\"622\" height=\"880\" src=\"https:\/\/siguldaspv.edu.lv\/wp-content\/uploads\/2025\/12\/int2025.png\" alt=\"\" class=\"wp-image-1261\" style=\"width:820px;height:auto\" srcset=\"https:\/\/siguldaspv.edu.lv\/wp-content\/uploads\/2025\/12\/int2025.png 622w, https:\/\/siguldaspv.edu.lv\/wp-content\/uploads\/2025\/12\/int2025-212x300.png 212w\" sizes=\"auto, (max-width: 622px) 100vw, 622px\" \/><\/figure>\n<\/div>","protected":false},"excerpt":{"rendered":"<p>Intere\u0161u izgl\u012bt\u012bbas pulci\u0146i Siguldas pils\u0113tas vidusskol\u0101 2025.\/2026.m\u0101c.g.<\/p>\n","protected":false},"author":1,"featured_media":0,"parent":0,"menu_order":0,"comment_status":"closed","ping_status":"closed","template":"","meta":{"inline_featured_image":false,"footnotes":""},"class_list":["post-591","page","type-page","status-publish"],"_links":{"self":[{"href":"https:\/\/siguldaspv.edu.lv\/index.php?rest_route=\/wp\/v2\/pages\/591","targetHints":{"allow":["GET"]}}],"collection":[{"href":"https:\/\/siguldaspv.edu.lv\/index.php?rest_route=\/wp\/v2\/pages"}],"about":[{"href":"https:\/\/siguldaspv.edu.lv\/index.php?rest_route=\/wp\/v2\/types\/page"}],"author":[{"embeddable":true,"href":"https:\/\/siguldaspv.edu.lv\/index.php?rest_route=\/wp\/v2\/users\/1"}],"replies":[{"embeddable":true,"href":"https:\/\/siguldaspv.edu.lv\/index.php?rest_route=%2Fwp%2Fv2%2Fcomments&post=591"}],"version-history":[{"count":9,"href":"https:\/\/siguldaspv.edu.lv\/index.php?rest_route=\/wp\/v2\/pages\/591\/revisions"}],"predecessor-version":[{"id":1266,"href":"https:\/\/siguldaspv.edu.lv\/index.php?rest_route=\/wp\/v2\/pages\/591\/revisions\/1266"}],"wp:attachment":[{"href":"https:\/\/siguldaspv.edu.lv\/index.php?rest_route=%2Fwp%2Fv2%2Fmedia&parent=591"}],"curies":[{"name":"wp","href":"https:\/\/api.w.org\/{rel}","templated":true}]}}