{"id":398,"date":"2022-02-24T09:26:52","date_gmt":"2022-02-24T07:26:52","guid":{"rendered":"https:\/\/siguldaspv.edu.lv\/?page_id=398"},"modified":"2024-12-06T09:44:44","modified_gmt":"2024-12-06T07:44:44","slug":"skolenu-pasparvalde","status":"publish","type":"page","link":"https:\/\/siguldaspv.edu.lv\/?page_id=398","title":{"rendered":"Skol\u0113nu pa\u0161p\u0101rvalde"},"content":{"rendered":"\n<p class=\"has-text-align-left\"><strong>PA\u0160P\u0100RVALDES M\u0112R\u0136IS:<\/strong><\/p>\n\n\n\n<ul class=\"wp-block-list\">\n<li>Siguldas pils\u0113tas vidusskolas skol\u0113nu un skolas administr\u0101cijas intere\u0161u saska\u0146o\u0161anu;<\/li>\n\n\n\n<li>Pan\u0101kt skol\u0113nu atbild\u012bbu par m\u0101c\u012bbu darba sasniegumiem un iek\u0161\u0113j\u0101s k\u0101rt\u012bbas noteikumu iev\u0113ro\u0161anu;<\/li>\n\n\n\n<li>Pilnveidot skol\u0113nu ikdienas dz\u012bvi skol\u0101.<\/li>\n<\/ul>\n\n\n\n<p><strong>KAS M\u0112S ESAM? KAS IR SKOL\u0112NU PA\u0160P\u0100RVALDE?<\/strong><\/p>\n\n\n\n<p>Skol\u0113nu pa\u0161p\u0101rvaldi veido akt\u012bv\u0101kie 5.-12.kla\u0161u skol\u0113ni. \u0160o skol\u0113nu uzdevums ir<\/p>\n\n\n\n<ul class=\"wp-block-list\">\n<li>aizst\u0101v\u0113t un lob\u0113t skol\u0113nu intereses;<\/li>\n\n\n\n<li>sadarboties ar skolas administr\u0101ciju;<\/li>\n\n\n\n<li>iesaist\u012bties skolas vides uzlabo\u0161anas procesos;<\/li>\n\n\n\n<li>iesaist\u012bties skolas sabiedrisk\u0101s dz\u012bves organiz\u0113\u0161an\u0101;<\/li>\n\n\n\n<li>sadarboties ar citu skolu pa\u0161p\u0101rvald\u0113m.<\/li>\n<\/ul>\n\n\n\n<p><strong>K\u0100 M\u0112S DARBOJAMIES?<\/strong><\/p>\n\n\n\n<p>Reizi ned\u0113\u013c\u0101 notiek sapulces div\u0101s vecuma grup\u0101s: 5.-8.klase un 9. \u2013 12.klase. Sapul\u010du laik\u0101 tiek izrun\u0101ta aktu\u0101l\u0101 inform\u0101cija, p\u0101rrun\u0101tas un izteiktas jaunas idejas skolas dz\u012bves uzlabo\u0161anai, sadal\u012bti pien\u0101kumi tuv\u0101kajiem pas\u0101kumiem un noteikti termi\u0146i to izpildei. \u0100tr\u0101s un steidzam\u0101s zi\u0146as tiek nodotas skol\u0113nu pa\u0161p\u0101rvaldes WhatsApp grup\u0101.<\/p>\n\n\n\n<p><strong>K\u0100P\u0112C PIEVIENOTIES SKOL\u0112NU PA\u0160P\u0100RVALDEI?<\/strong><\/p>\n\n\n\n<p>Ja v\u0113lies att\u012bst\u012bt savas l\u012bdera un komandas prasmes, pievienojies!<\/p>\n\n\n\n<p>Ja v\u0113lies iepaz\u012bties un atrast l\u012bdz\u012bgi dom\u0101jo\u0161us draugus, pievienojies!<\/p>\n\n\n\n<p>Ja v\u0113lies iem\u0101c\u012bties izteikt savu viedokli, pievienojies!<\/p>\n\n\n\n<p>Ja v\u0113lies b\u016bt l\u012bdzatbild\u012bgs par to, k\u0101 uzlabot skol\u0113nu dz\u012bvi skol\u0101, pievienojies!<\/p>\n\n\n\n<p>Ja v\u0113lies uzlabot da\u017e\u0101das noder\u012bgas prasmes (organiz\u0113t pas\u0101kumus, pl\u0101not savu laiku, \u0101tri piel\u0101goties da\u017e\u0101d\u0101m situ\u0101cij\u0101m u.c.), pievienojies!<\/p>\n\n\n\n<p><\/p>\n","protected":false},"excerpt":{"rendered":"<p>PA\u0160P\u0100RVALDES M\u0112R\u0136IS: KAS M\u0112S ESAM? KAS IR SKOL\u0112NU PA\u0160P\u0100RVALDE? Skol\u0113nu pa\u0161p\u0101rvaldi veido akt\u012bv\u0101kie 5.-12.kla\u0161u skol\u0113ni. \u0160o skol\u0113nu uzdevums ir K\u0100 M\u0112S DARBOJAMIES? Reizi ned\u0113\u013c\u0101 notiek sapulces div\u0101s vecuma grup\u0101s: 5.-8.klase un 9. \u2013 12.klase. Sapul\u010du laik\u0101 tiek izrun\u0101ta aktu\u0101l\u0101 inform\u0101cija, p\u0101rrun\u0101tas un izteiktas jaunas idejas skolas dz\u012bves uzlabo\u0161anai, sadal\u012bti pien\u0101kumi tuv\u0101kajiem pas\u0101kumiem un noteikti termi\u0146i &#8230; <a title=\"Skol\u0113nu pa\u0161p\u0101rvalde\" class=\"read-more\" href=\"https:\/\/siguldaspv.edu.lv\/?page_id=398\" aria-label=\"Read more about Skol\u0113nu pa\u0161p\u0101rvalde\">Las\u012bt t\u0101l\u0101k<\/a><\/p>\n","protected":false},"author":1,"featured_media":0,"parent":0,"menu_order":0,"comment_status":"closed","ping_status":"closed","template":"","meta":{"inline_featured_image":false,"footnotes":""},"class_list":["post-398","page","type-page","status-publish"],"_links":{"self":[{"href":"https:\/\/siguldaspv.edu.lv\/index.php?rest_route=\/wp\/v2\/pages\/398","targetHints":{"allow":["GET"]}}],"collection":[{"href":"https:\/\/siguldaspv.edu.lv\/index.php?rest_route=\/wp\/v2\/pages"}],"about":[{"href":"https:\/\/siguldaspv.edu.lv\/index.php?rest_route=\/wp\/v2\/types\/page"}],"author":[{"embeddable":true,"href":"https:\/\/siguldaspv.edu.lv\/index.php?rest_route=\/wp\/v2\/users\/1"}],"replies":[{"embeddable":true,"href":"https:\/\/siguldaspv.edu.lv\/index.php?rest_route=%2Fwp%2Fv2%2Fcomments&post=398"}],"version-history":[{"count":5,"href":"https:\/\/siguldaspv.edu.lv\/index.php?rest_route=\/wp\/v2\/pages\/398\/revisions"}],"predecessor-version":[{"id":1076,"href":"https:\/\/siguldaspv.edu.lv\/index.php?rest_route=\/wp\/v2\/pages\/398\/revisions\/1076"}],"wp:attachment":[{"href":"https:\/\/siguldaspv.edu.lv\/index.php?rest_route=%2Fwp%2Fv2%2Fmedia&parent=398"}],"curies":[{"name":"wp","href":"https:\/\/api.w.org\/{rel}","templated":true}]}}