{"id":378,"date":"2022-02-23T08:09:05","date_gmt":"2022-02-23T06:09:05","guid":{"rendered":"http:\/\/siguldaspv.lv\/wp1\/?page_id=378"},"modified":"2024-12-06T08:41:53","modified_gmt":"2024-12-06T06:41:53","slug":"skolas-padome","status":"publish","type":"page","link":"https:\/\/siguldaspv.edu.lv\/?page_id=378","title":{"rendered":"Skolas padome"},"content":{"rendered":"\n<p>Siguldas pils\u0113tas vidusskolas skolas padome ir skolas skol\u0113nu vec\u0101ku, pedagogu un skol\u0113nu p\u0101rst\u0101vju izveidota kole\u0123i\u0101la instit\u016bcija. (<a href=\"https:\/\/siguldaspv.edu.lv\/wp-content\/uploads\/2022\/02\/SPV_skolas_padomes_reglaments.pdf\">reglaments<\/a>)<\/p>\n\n\n\n<p>Skolas padomes darb\u012bbas <strong>m\u0113r\u0137i<\/strong>:<\/p>\n\n\n\n<ol class=\"wp-block-list\">\n<li>paaugstin\u0101t vec\u0101ku iesaisti un ieinteres\u0113t\u012bbu Skolas izgl\u012bt\u012bbas procesa jaut\u0101jumu risin\u0101\u0161an\u0101;<\/li>\n\n\n\n<li>veidot atgriezenisko saikni inform\u0101cijas aprit\u0113 starp Skolas administr\u0101ciju, pa\u0161vald\u012bbu, valsts instit\u016bcij\u0101m, skolot\u0101jiem, skol\u0113nu vec\u0101kiem un skol\u0113niem.<\/li>\n<\/ol>\n\n\n\n<p>Skolas padomes darb\u012bbas <strong>virzieni<\/strong>:<\/p>\n\n\n\n<ol class=\"wp-block-list\">\n<li>skol\u0113nu, pedagogu un vec\u0101ku sadarb\u012bbas veicin\u0101\u0161ana;<\/li>\n\n\n\n<li>skolas att\u012bst\u012bbas jaut\u0101jumu izskat\u012b\u0161ana.<\/li>\n<\/ol>\n\n\n\n<p>Skolas padomes <strong>strukt\u016bra<\/strong>:<\/p>\n\n\n\n<p><strong>Maz\u0101 padome<\/strong> &#8211; vec\u0101ku p\u0101rst\u0101vji pa kla\u0161u posmiem (1.-3.klases, 4.-6.klases, 7.-12.klases) &#8211; kop\u0101 tr\u012bs &#8220;Maz\u0101s padomes&#8221;, kur\u0101m san\u0101ksmes notiek p\u0113c nepiecie\u0161am\u012bbas, bet ne ret\u0101k k\u0101 2 reizes gad\u0101. \u0160aj\u0101s padom\u0113s apsprie\u0161 jaut\u0101jumus saist\u012bb\u0101 ar aktualit\u0101t\u0113m konkr\u0113taj\u0101 kla\u0161u posm\u0101, k\u0101 ar\u012b izvirza jaut\u0101jumus Skolas padomes san\u0101ksmei. T\u0101pat ar\u012b katra no Mazaj\u0101m padom\u0113m izvirza dal\u012bbniekus &#8211; vismaz 2 p\u0101rst\u0101vjus Skolas padomes san\u0101ksmei. <\/p>\n\n\n\n<p><strong>Skolas padome<\/strong> &#8211; to veido vismaz 2 p\u0101rst\u0101vji no katras Maz\u0101s padomes, viens pedagogs no katra izgl\u012bt\u012bbas posma, k\u0101 ar\u012b skol\u0113nu pa\u0161p\u0101rvaldes dele\u0123ets p\u0101rst\u0101vis, k\u0101 ar\u012b skolas administr\u0101cijas p\u0101rst\u0101vis.<\/p>\n","protected":false},"excerpt":{"rendered":"<p>Siguldas pils\u0113tas vidusskolas skolas padome ir skolas skol\u0113nu vec\u0101ku, pedagogu un skol\u0113nu p\u0101rst\u0101vju izveidota kole\u0123i\u0101la instit\u016bcija. (reglaments) Skolas padomes darb\u012bbas m\u0113r\u0137i: Skolas padomes darb\u012bbas virzieni: Skolas padomes strukt\u016bra: Maz\u0101 padome &#8211; vec\u0101ku p\u0101rst\u0101vji pa kla\u0161u posmiem (1.-3.klases, 4.-6.klases, 7.-12.klases) &#8211; kop\u0101 tr\u012bs &#8220;Maz\u0101s padomes&#8221;, kur\u0101m san\u0101ksmes notiek p\u0113c nepiecie\u0161am\u012bbas, bet ne ret\u0101k k\u0101 2 reizes &#8230; <a title=\"Skolas padome\" class=\"read-more\" href=\"https:\/\/siguldaspv.edu.lv\/?page_id=378\" aria-label=\"Read more about Skolas padome\">Las\u012bt t\u0101l\u0101k<\/a><\/p>\n","protected":false},"author":1,"featured_media":0,"parent":0,"menu_order":0,"comment_status":"closed","ping_status":"closed","template":"","meta":{"inline_featured_image":false,"footnotes":""},"class_list":["post-378","page","type-page","status-publish"],"_links":{"self":[{"href":"https:\/\/siguldaspv.edu.lv\/index.php?rest_route=\/wp\/v2\/pages\/378","targetHints":{"allow":["GET"]}}],"collection":[{"href":"https:\/\/siguldaspv.edu.lv\/index.php?rest_route=\/wp\/v2\/pages"}],"about":[{"href":"https:\/\/siguldaspv.edu.lv\/index.php?rest_route=\/wp\/v2\/types\/page"}],"author":[{"embeddable":true,"href":"https:\/\/siguldaspv.edu.lv\/index.php?rest_route=\/wp\/v2\/users\/1"}],"replies":[{"embeddable":true,"href":"https:\/\/siguldaspv.edu.lv\/index.php?rest_route=%2Fwp%2Fv2%2Fcomments&post=378"}],"version-history":[{"count":2,"href":"https:\/\/siguldaspv.edu.lv\/index.php?rest_route=\/wp\/v2\/pages\/378\/revisions"}],"predecessor-version":[{"id":1066,"href":"https:\/\/siguldaspv.edu.lv\/index.php?rest_route=\/wp\/v2\/pages\/378\/revisions\/1066"}],"wp:attachment":[{"href":"https:\/\/siguldaspv.edu.lv\/index.php?rest_route=%2Fwp%2Fv2%2Fmedia&parent=378"}],"curies":[{"name":"wp","href":"https:\/\/api.w.org\/{rel}","templated":true}]}}