{"id":357,"date":"2022-02-23T00:14:34","date_gmt":"2022-02-22T22:14:34","guid":{"rendered":"http:\/\/siguldaspv.lv\/wp1\/?page_id=357"},"modified":"2024-05-21T14:31:51","modified_gmt":"2024-05-21T11:31:51","slug":"vidusskolas-virzieni","status":"publish","type":"page","link":"https:\/\/siguldaspv.edu.lv\/?page_id=357","title":{"rendered":"Vidusskolas virzieni"},"content":{"rendered":"\n<p>Lai ieg\u016btu visp\u0101r\u0113jo vid\u0113jo izgl\u012bt\u012bbu, nepiecie\u0161ams: <\/p>\n\n\n\n<ol><li>apg\u016bt m\u0101c\u012bbu saturu <strong>3360\u20133780 stundu<\/strong> apjom\u0101;<\/li><li>apg\u016bt <strong>pamatkursus vis\u0101s m\u0101c\u012bbu jom\u0101s<\/strong>;<\/li><li>apg\u016bt <strong>tr\u012bs padzi\u013cin\u0101tos kursus<\/strong> un saist\u012bb\u0101 ar vienu no tiem veic patst\u0101v\u012bgu p\u0113tniec\u012bbas, jaunrades vai sabiedrisko darbu;<\/li><li>k\u0101rtot <strong>valsts p\u0101rbaudes darbus<\/strong>:<ol><li>latvie\u0161u valod\u0101 (vismaz optim\u0101laj\u0101 l\u012bmen\u012b);<\/li><li>sve\u0161valod\u0101 (ang\u013cu, v\u0101cu vai fran\u010du) vismaz optim\u0101laj\u0101 l\u012bmen\u012b;<\/li><li>matem\u0101tik\u0101 (vismaz optim\u0101laj\u0101 l\u012bmen\u012b);<\/li><li>divos no padzi\u013cin\u0101tajiem kursiem (augst\u0101kaj\u0101 l\u012bmen\u012b).<\/li><\/ol><\/li><\/ol>\n\n\n\n<p>Katra vidusskola var pied\u0101v\u0101t padzi\u013cin\u0101tos un specializ\u0113tos kursus da\u017eados apjomos un izv\u0113l\u0113s. Siguldas pils\u0113tas vidusskol\u0101 kursi tiek grup\u0113ti <strong>m\u0101c\u012bbu virzienos<\/strong>, kur pieejamais saturs un m\u0101c\u012bbas pal\u012bdz skol\u0113nam att\u012bst\u012bt talantus un veidot izaugsmi noteikta virziena profil\u0101.<\/p>\n<p>2024.\/2025. m\u0101c\u012bbu gad\u0101 10.kla\u0161u skol\u0113niem tiek pied\u0101v\u0101ti sekojo\u0161ie virzieni:<\/p>\n<ol>\n<li><a href=\"https:\/\/siguldaspv.edu.lv\/wp-content\/uploads\/2024\/05\/Programma-Tehnologiju-un-dabaszinatnu-virziens.pdf\">Tehnolo\u0123iju un dabaszin\u0101t\u0146u virziens.<\/a><\/li>\n<li><a href=\"https:\/\/siguldaspv.edu.lv\/wp-content\/uploads\/2024\/05\/Vidusskolas-sabiedribas-virziena-programma-2_var_.pdf\">Sabiedr\u012bbas virziens.<\/a><\/li>\n<li><a href=\"https:\/\/siguldaspv.edu.lv\/wp-content\/uploads\/2024\/05\/VSK-programmas-10_klasei-2024_-2025_-kult_-2_var_.pdf\">Rado\u0161o industriju virziens<\/a><\/li>\n<li><a href=\"https:\/\/siguldaspv.edu.lv\/wp-content\/uploads\/2024\/05\/VSK-Uznemeji-A-un-B.pdf\">Uz\u0146\u0113m\u0113jdarb\u012bbas un l\u012bder\u012bbas virziens.<\/a><\/li><\/ol>\n\n\n<p>Siguldas pils\u0113tas vidusskolas 11.un 12.klases skol\u0113ni apg\u016bst 3 virzienus:<\/p>\n\n\n\n<div class=\"wp-block-columns\">\n<div class=\"wp-block-column\" style=\"flex-basis:33.33%\">\n<figure class=\"wp-block-image size-full is-resized is-style-default\"><img loading=\"lazy\" decoding=\"async\" src=\".\/Vidusskolas virzieni \u2013 Siguldas pils\u0113tas vidusskola_files\/image-1.png\" alt=\"\" class=\"wp-image-384\" width=\"261\" height=\"258\" srcset=\"https:\/\/siguldaspv.edu.lv\/wp-content\/uploads\/2022\/02\/image-1.png 486w, https:\/\/siguldaspv.edu.lv\/wp-content\/uploads\/2022\/02\/image-1-300x296.png 300w\" sizes=\"auto, (max-width: 261px) 100vw, 261px\"><\/figure>\n<\/div>\n\n\n\n<div class=\"wp-block-column\" style=\"flex-basis:66.66%\">\n<p><strong>Robotu tehnolo\u0123iju virziens<\/strong> \u2013 \u0161aj\u0101 virzien\u0101 padzi\u013cin\u0101ti tiek pied\u0101v\u0101ts apg\u016bt <strong>Programm\u0113\u0161anu<\/strong>, <strong>Fiziku<\/strong> un <strong>Ang\u013cu valodu<\/strong>, lai veidotu izpratni par tehnolo\u0123iju nozari, sp\u0113tu orient\u0113ties inform\u0101cijas un resursu pied\u0101v\u0101jum\u0101, k\u0101 ar\u012b individu\u0101li un komand\u0101 rad\u012bt da\u017e\u0101dus in\u017eeniertehniskus risin\u0101jumus. Papildus programm\u0101 tiek pied\u0101v\u0101ti specializ\u0113tie kursi, lai atbalst\u012btu virziena izpratni \u2013 <strong>Robotika, Digit\u0101lais dizains, Dizaina dom\u0101\u0161ana, u.c.<\/strong> M\u0113r\u0137is ir ieg\u016bt priek\u0161status un izpratni par tehnolo\u0123iju nozari, turkl\u0101t n\u0101kotn\u0113 p\u0113c vidusskolas iesp\u0113jams stud\u0113t sekojo\u0161os virzienos:  datorzin\u0101tnes, in\u017eenierija, ma\u0161\u012bnb\u016bve, elektronika un elektrotehnika, &nbsp;projektu vad\u012bba, rado\u0161\u0101s industrijas u.c. K\u013c\u016bt par programm\u0113t\u0101ju, digit\u0101l\u0101 dizaina speci\u0101listu, &nbsp;sist\u0113manal\u012bti\u0137i, IT projektu vad\u012bt\u0101ju, test\u0113t\u0101ju, mehatroni\u0137i, datorsist\u0113mu administratoru, u.c., un tehnolo\u0123iju ekspertu da\u017e\u0101d\u0101s nozar\u0113s. <\/p>\n\n\n\n<p>Apg\u016bstot \u0161o virzienu skol\u0113ns m\u0101c\u0101s Dabaszin\u0101t\u0146u m\u0101c\u012bbu jom\u0101 visus priek\u0161metus optim\u0101l\u0101 l\u012bmen\u012b (\u0122eogr\u0101fija, Fizika, \u0136\u012bmija, Biolo\u0123ija).<\/p>\n<\/div>\n<\/div>\n\n\n\n<hr class=\"wp-block-separator is-style-wide\">\n\n\n\n<div class=\"wp-block-columns\">\n<div class=\"wp-block-column\" style=\"flex-basis:66.66%\">\n<p><strong>Rado\u0161o industriju virziens<\/strong> \u2013 \u0161aj\u0101 virzien\u0101 padzi\u013cin\u0101ti tiek pied\u0101v\u0101ts apg\u016bt <strong>Kult\u016bru un m\u0101kslu<\/strong>, <strong>Dizainu un tehnolo\u0123ijas<\/strong> un <strong>Ang\u013cu valodu<\/strong>, lai veidotu izpratni par rado\u0161aj\u0101m industrij\u0101m un iesp\u0113j\u0101m taj\u0101s. Papildus programm\u0101 tiek pied\u0101v\u0101ti specializ\u0113tie kursi \u2013 <strong>Rado\u0161\u0101 rakst\u012b\u0161ana, Publisk\u0101 runa, Kult\u016bras mened\u017ements, Digit\u0101lais dizains, u.c<\/strong>. M\u0101c\u012bbu ietvaros notiek da\u017eadas m\u0101c\u012bbu aktivit\u0101tes \u2013 tik\u0161an\u0101s ar nozares speci\u0101listiem, projektu apmekl\u0113\u0161ana un da\u017e\u0101das m\u0101c\u012bbu darbn\u012bcas. Ja n\u0101kotn\u0113 v\u0113lies darboties rado\u0161aj\u0101s industrij\u0101s, tad \u0161\u012b programma b\u016bs piem\u0113rota! <\/p>\n\n\n\n<p>Apg\u016bstot \u0161o virzienu skol\u0113ns Dabaszin\u0101t\u0146u m\u0101c\u012bbu jom\u0101 apg\u016bst kursu Dabaszin\u012bbas.<\/p>\n<\/div>\n\n\n\n<div class=\"wp-block-column\" style=\"flex-basis:33.33%\">\n<figure class=\"wp-block-image size-full is-style-default\"><img decoding=\"async\" loading=\"lazy\" width=\"482\" height=\"488\" src=\".\/Vidusskolas virzieni \u2013 Siguldas pils\u0113tas vidusskola_files\/image-2.png\" alt=\"\" class=\"wp-image-385\" srcset=\"https:\/\/siguldaspv.edu.lv\/wp-content\/uploads\/2022\/02\/image-2.png 482w, https:\/\/siguldaspv.edu.lv\/wp-content\/uploads\/2022\/02\/image-2-296x300.png 296w\" sizes=\"auto, (max-width: 482px) 100vw, 482px\"><\/figure>\n<\/div>\n<\/div>\n\n\n\n<hr class=\"wp-block-separator is-style-wide\">\n\n\n\n<div class=\"wp-block-columns\">\n<div class=\"wp-block-column\" style=\"flex-basis:33.33%\">\n<figure class=\"wp-block-image size-full is-style-default\"><img decoding=\"async\" loading=\"lazy\" width=\"483\" height=\"480\" src=\".\/Vidusskolas virzieni \u2013 Siguldas pils\u0113tas vidusskola_files\/image-3.png\" alt=\"\" class=\"wp-image-386\" srcset=\"https:\/\/siguldaspv.edu.lv\/wp-content\/uploads\/2022\/02\/image-3.png 483w, https:\/\/siguldaspv.edu.lv\/wp-content\/uploads\/2022\/02\/image-3-300x298.png 300w, https:\/\/siguldaspv.edu.lv\/wp-content\/uploads\/2022\/02\/image-3-150x150.png 150w\" sizes=\"auto, (max-width: 483px) 100vw, 483px\"><\/figure>\n<\/div>\n\n\n\n<div class=\"wp-block-column\" style=\"flex-basis:66.66%\">\n<p><strong>Uz\u0146\u0113m\u0113jdarb\u012bbas un l\u012bder\u012bbas virziens<\/strong> \u2013 \u0161aj\u0101 virzien\u0101 att\u012bsti uz\u0146em\u0113jdarb\u012bbas prasmes, vad\u012bbas prasmes, tiek pied\u0101v\u0101ts apg\u016bt padzi\u013cin\u0101ti <strong>Ang\u013cu valodu, Soci\u0101l\u0101s zin\u0101tnes<\/strong> un <strong>Dizainu un tehnolo\u0123ijas<\/strong>. Papildus m\u0101cies specializ\u0113tajos kursos \u2013 <strong>Person\u012bbas att\u012bst\u012bba un l\u012bder\u012bba<\/strong>, <strong>Uz\u0146em\u0113jdarb\u012bba, M\u0101rketings, Publisk\u0101 runa, u.c.<\/strong>. Ja v\u0113lies n\u0101kotni saist\u012bt ar vad\u012bbu vai uz\u0146\u0113m\u0113jdarb\u012bbu, m\u0101rketingu un produktu virz\u012bbu tirg\u016b \u2013 \u0161is virziens sniegs pieredzi skol\u0113nu m\u0101c\u012bbu uz\u0146emuma izstr\u0101de un vad\u012bb\u0101, person\u012bbas att\u012bst\u012bb\u0101 un ieskatu nozar\u0113. M\u0101c\u012bbu laik\u0101 ir iesp\u0113ja piedal\u012bties da\u017eados konkursos un aktivit\u0101t\u0113s, k\u0101 ar\u012b apmekl\u0113t aktu\u0101lus ar uz\u0146\u0113m\u0113jdarbibu saist\u012btus pas\u0101kumus.<\/p>\n\n\n\n<p>Apg\u016bstot \u0161o virzienu skol\u0113nam ir iesp\u0113ja Dabaszin\u0101t\u0146u m\u0101c\u012bbu jom\u0101 izv\u0113l\u0113ties pilnos kursus (Fizika, \u0136\u012bmija, Biolo\u0123ija, \u0122eogr\u0101fija) vai Dabaszin\u012bbu integr\u0113to kursu.<\/p>\n<\/div>\n<\/div>\n\n\n\n\n\n\n\n<hr class=\"wp-block-separator is-style-wide\">\n\n\n\n<p>Konkr\u0113t\u0101 virzien\u0101 pied\u0101v\u0101to kursi var main\u012bties. L\u016bdzam sekot l\u012bdzi inform\u0101cijai par konkr\u0113to m\u0101c\u012bbu gadu un uz\u0146em\u0161anu 10.klas\u0113.<\/p>\n\n\n\n<p>Skol\u0113niem, kas apg\u016bst vid\u0113jo izgl\u012bt\u012bbu Siguldas pils\u0113tas vidusskol\u0101, ir iesp\u0113ja pieteikties un sa\u0146emt dienasta viesn\u012bcas pakalpojumus, ja tas ir nepiecie\u0161ams. Papildus inform\u0101cijai l\u016bdzam sazin\u0101ties ar skolu.  <\/p>\n","protected":false},"excerpt":{"rendered":"<p>Lai ieg\u016btu visp\u0101r\u0113jo vid\u0113jo izgl\u012bt\u012bbu, nepiecie\u0161ams: apg\u016bt m\u0101c\u012bbu saturu 3360\u20133780 stundu apjom\u0101; apg\u016bt pamatkursus vis\u0101s m\u0101c\u012bbu jom\u0101s; apg\u016bt tr\u012bs padzi\u013cin\u0101tos kursus un saist\u012bb\u0101 ar vienu no tiem veic patst\u0101v\u012bgu p\u0113tniec\u012bbas, jaunrades vai sabiedrisko darbu; k\u0101rtot valsts p\u0101rbaudes darbus: latvie\u0161u valod\u0101 (vismaz optim\u0101laj\u0101 l\u012bmen\u012b); sve\u0161valod\u0101 (ang\u013cu, v\u0101cu vai fran\u010du) vismaz optim\u0101laj\u0101 l\u012bmen\u012b; matem\u0101tik\u0101 (vismaz optim\u0101laj\u0101 l\u012bmen\u012b); &#8230; <a title=\"Vidusskolas virzieni\" class=\"read-more\" href=\"https:\/\/siguldaspv.edu.lv\/?page_id=357\" aria-label=\"Read more about Vidusskolas virzieni\">Las\u012bt t\u0101l\u0101k<\/a><\/p>\n","protected":false},"author":1,"featured_media":0,"parent":0,"menu_order":0,"comment_status":"closed","ping_status":"closed","template":"","meta":{"inline_featured_image":false,"footnotes":""},"class_list":["post-357","page","type-page","status-publish"],"_links":{"self":[{"href":"https:\/\/siguldaspv.edu.lv\/index.php?rest_route=\/wp\/v2\/pages\/357","targetHints":{"allow":["GET"]}}],"collection":[{"href":"https:\/\/siguldaspv.edu.lv\/index.php?rest_route=\/wp\/v2\/pages"}],"about":[{"href":"https:\/\/siguldaspv.edu.lv\/index.php?rest_route=\/wp\/v2\/types\/page"}],"author":[{"embeddable":true,"href":"https:\/\/siguldaspv.edu.lv\/index.php?rest_route=\/wp\/v2\/users\/1"}],"replies":[{"embeddable":true,"href":"https:\/\/siguldaspv.edu.lv\/index.php?rest_route=%2Fwp%2Fv2%2Fcomments&post=357"}],"version-history":[{"count":20,"href":"https:\/\/siguldaspv.edu.lv\/index.php?rest_route=\/wp\/v2\/pages\/357\/revisions"}],"predecessor-version":[{"id":1170,"href":"https:\/\/siguldaspv.edu.lv\/index.php?rest_route=\/wp\/v2\/pages\/357\/revisions\/1170"}],"wp:attachment":[{"href":"https:\/\/siguldaspv.edu.lv\/index.php?rest_route=%2Fwp%2Fv2%2Fmedia&parent=357"}],"curies":[{"name":"wp","href":"https:\/\/api.w.org\/{rel}","templated":true}]}}