{"id":339,"date":"2022-02-18T15:35:34","date_gmt":"2022-02-18T13:35:34","guid":{"rendered":"http:\/\/siguldaspv.lv\/wp1\/?page_id=339"},"modified":"2024-12-03T15:49:22","modified_gmt":"2024-12-03T13:49:22","slug":"klasu-audzinataji","status":"publish","type":"page","link":"https:\/\/siguldaspv.edu.lv\/?page_id=339","title":{"rendered":"Kla\u0161u audzin\u0101t\u0101ji"},"content":{"rendered":"\n<figure class=\"wp-block-table\"><table class=\"has-fixed-layout\"><tbody><tr><td>1.a<\/td><td>Inese Ziemele<\/td><\/tr><tr><td>&nbsp;1.b<\/td><td>Arta Elizabete Dimante <\/td><\/tr><tr><td>&nbsp;1.c<\/td><td>Paula Rence <\/td><\/tr><tr><td>&nbsp;1.d<\/td><td>Vita B\u0113rzi\u0146a <\/td><\/tr><tr><td>&nbsp;1.m<\/td><td>Agrita \u0100rgale <\/td><\/tr><tr><td>&nbsp;1.s<\/td><td>Guna Balode <\/td><\/tr><tr><td>&nbsp;2.a<\/td><td>Ineta Stepanova <\/td><\/tr><tr><td>&nbsp;2.b<\/td><td>Vita \u010cetverga <\/td><\/tr><tr><td>&nbsp;2.c<\/td><td>Agita Gl\u0101zniece <\/td><\/tr><tr><td>&nbsp;2.d<\/td><td>Inga Straume <\/td><\/tr><tr><td>&nbsp;2.m<\/td><td>Santa \u0160\u016bmane <\/td><\/tr><tr><td>&nbsp;2.s<\/td><td>Jolanta Ozoli\u0146a <\/td><\/tr><tr><td>&nbsp;3.a<\/td><td>Dace Rendore <\/td><\/tr><tr><td>&nbsp;3.b<\/td><td>Aija Po\u0161eika <\/td><\/tr><tr><td>&nbsp;3.c<\/td><td>Ineta B\u0113rzi\u0146a <\/td><\/tr><tr><td>&nbsp;3.m<\/td><td>Iveta Ozola <\/td><\/tr><tr><td>&nbsp;3.s<\/td><td>Ligita Da\u013cecka <\/td><\/tr><tr><td>&nbsp;4.a<\/td><td>L\u012bga L\u012bduma <\/td><\/tr><tr><td>&nbsp;4.b<\/td><td>Valda Zviedre <\/td><\/tr><tr><td>&nbsp;4.c<\/td><td>Indra Blaua <\/td><\/tr><tr><td>&nbsp;4.m<\/td><td>Kristaps Kir\u0161teins <\/td><\/tr><tr><td> 4.s1<\/td><td>K\u0101rlis Ve\u010dens<\/td><\/tr><tr><td> 4.s2<\/td><td>L\u0101sma Vol\u0101ne<\/td><\/tr><tr><td>&nbsp;5.a<\/td><td>Ieva Ro\u0137e <\/td><\/tr><tr><td>&nbsp;5.b<\/td><td>Inga Nagle <\/td><\/tr><tr><td>&nbsp;5.c<\/td><td>Ilze Kisila <\/td><\/tr><tr><td>&nbsp;5.m<\/td><td>Iluta Putni\u0146a <\/td><\/tr><tr><td>&nbsp;5.s<\/td><td>Lelde B\u0113rzi\u0146a <\/td><\/tr><tr><td>&nbsp;6.a<\/td><td>Aija Auni\u0146a <\/td><\/tr><tr><td>&nbsp;6.b<\/td><td>Anita Stakova <\/td><\/tr><tr><td>&nbsp;6.c<\/td><td>Dace Segli\u0146a <\/td><\/tr><tr><td>&nbsp;6.m<\/td><td>Una Tobota <\/td><\/tr><tr><td>&nbsp;6.s<\/td><td>Sandra Ru\u0161a <\/td><\/tr><tr><td>&nbsp;7.a<\/td><td>Vineta \u0160\u0137estere-Buka <\/td><\/tr><tr><td>&nbsp;7.b<\/td><td>Eva Tiliba <\/td><\/tr><tr><td>&nbsp;7.c<\/td><td>In\u0101ra Dalke <\/td><\/tr><tr><td>&nbsp;7.d<\/td><td>Ramona Vasi\u013cjeva <\/td><\/tr><tr><td>&nbsp;8.a<\/td><td>Marina \u017dakovi\u010da <\/td><\/tr><tr><td>&nbsp;8.b<\/td><td>Ieva Gaile <\/td><\/tr><tr><td>&nbsp;8.c<\/td><td>Alise Cacure Valentina <\/td><\/tr><tr><td>&nbsp;9.a<\/td><td>Di\u0101na Granta <\/td><\/tr><tr><td>&nbsp;9.b<\/td><td>L\u0101sma \u0160ekstello <\/td><\/tr><tr><td>&nbsp;9.c<\/td><td>Agnese Petrovska <\/td><\/tr><tr><td>10.a<\/td><td>Laila Zinberga <\/td><\/tr><tr><td>10.b<\/td><td>Krist\u012bne Velika <\/td><\/tr><tr><td>10.c<\/td><td>Tatjana Arhipova <\/td><\/tr><tr><td>10.d<\/td><td>Antra Austri\u0146a <\/td><\/tr><tr><td>11.a<\/td><td>Egita Gaigalniece <\/td><\/tr><tr><td>11.b<\/td><td>Aiga Cunska <\/td><\/tr><tr><td>11.c<\/td><td>Austris Lak\u0161a <\/td><\/tr><tr><td>12.a<\/td><td>Madara P\u0113tersone <\/td><\/tr><tr><td>12.b<\/td><td>Di\u0101na Judze <\/td><\/tr><\/tbody><\/table><\/figure>\n\n\n\n<p><\/p>\n","protected":false},"excerpt":{"rendered":"<p>1.a Inese Ziemele &nbsp;1.b Arta Elizabete Dimante &nbsp;1.c Paula Rence &nbsp;1.d Vita B\u0113rzi\u0146a &nbsp;1.m Agrita \u0100rgale &nbsp;1.s Guna Balode &nbsp;2.a Ineta Stepanova &nbsp;2.b Vita \u010cetverga &nbsp;2.c Agita Gl\u0101zniece &nbsp;2.d Inga Straume &nbsp;2.m Santa \u0160\u016bmane &nbsp;2.s Jolanta Ozoli\u0146a &nbsp;3.a Dace Rendore &nbsp;3.b Aija Po\u0161eika &nbsp;3.c Ineta B\u0113rzi\u0146a &nbsp;3.m Iveta Ozola &nbsp;3.s Ligita Da\u013cecka &nbsp;4.a L\u012bga L\u012bduma &#8230; <a title=\"Kla\u0161u audzin\u0101t\u0101ji\" class=\"read-more\" href=\"https:\/\/siguldaspv.edu.lv\/?page_id=339\" aria-label=\"Read more about Kla\u0161u audzin\u0101t\u0101ji\">Las\u012bt t\u0101l\u0101k<\/a><\/p>\n","protected":false},"author":1,"featured_media":0,"parent":0,"menu_order":0,"comment_status":"closed","ping_status":"closed","template":"","meta":{"inline_featured_image":false,"footnotes":""},"class_list":["post-339","page","type-page","status-publish"],"_links":{"self":[{"href":"https:\/\/siguldaspv.edu.lv\/index.php?rest_route=\/wp\/v2\/pages\/339","targetHints":{"allow":["GET"]}}],"collection":[{"href":"https:\/\/siguldaspv.edu.lv\/index.php?rest_route=\/wp\/v2\/pages"}],"about":[{"href":"https:\/\/siguldaspv.edu.lv\/index.php?rest_route=\/wp\/v2\/types\/page"}],"author":[{"embeddable":true,"href":"https:\/\/siguldaspv.edu.lv\/index.php?rest_route=\/wp\/v2\/users\/1"}],"replies":[{"embeddable":true,"href":"https:\/\/siguldaspv.edu.lv\/index.php?rest_route=%2Fwp%2Fv2%2Fcomments&post=339"}],"version-history":[{"count":11,"href":"https:\/\/siguldaspv.edu.lv\/index.php?rest_route=\/wp\/v2\/pages\/339\/revisions"}],"predecessor-version":[{"id":1050,"href":"https:\/\/siguldaspv.edu.lv\/index.php?rest_route=\/wp\/v2\/pages\/339\/revisions\/1050"}],"wp:attachment":[{"href":"https:\/\/siguldaspv.edu.lv\/index.php?rest_route=%2Fwp%2Fv2%2Fmedia&parent=339"}],"curies":[{"name":"wp","href":"https:\/\/api.w.org\/{rel}","templated":true}]}}