{"id":27,"date":"2022-01-17T07:03:09","date_gmt":"2022-01-17T07:03:09","guid":{"rendered":"http:\/\/siguldaspv.lv\/wp1\/?page_id=27"},"modified":"2026-02-23T12:11:49","modified_gmt":"2026-02-23T10:11:49","slug":"sakums","status":"publish","type":"page","link":"https:\/\/siguldaspv.edu.lv\/","title":{"rendered":""},"content":{"rendered":"<div id=\"psacp-post-carousel-wrap-1\" class=\"psacp-wrap psacp-post-carousel-wrap owl-carousel psacp-design-1 psacp-has-arrows psacp-clearfix\" data-conf=\"{&quot;slide_show&quot;:3,&quot;loop&quot;:true,&quot;arrows&quot;:true,&quot;dots&quot;:false,&quot;autoplay&quot;:true,&quot;autoplay_interval&quot;:5000,&quot;speed&quot;:500,&quot;slide_scroll&quot;:1,&quot;rtl&quot;:false}\"><div class=\"psacp-post-slide psacp-post-1331 psacp-post-standard psacp-has-thumb\">\r\n\t<div class=\"psacp-post-carousel-content\">\r\n\t\t<div class=\"psacp-post-img-bg\" style=\"background-image:url(https:\/\/siguldaspv.edu.lv\/wp-content\/uploads\/2026\/04\/cehi_latvijaa-500x500.jpeg);\">\r\n\t\t\t<a class=\"psacp-post-linkoverlay\" href=\"https:\/\/siguldaspv.edu.lv\/?p=1331\"><\/a>\r\n\t\t\t<div class=\"psacp-post-overlay\">\r\n\t\t\t\t\t\t\t\t\t<div class=\"psacp-post-cats\"><a class=\"psacp-post-cat-link psacp-post-cat-1\" href=\"https:\/\/siguldaspv.edu.lv\/?cat=1\">Notikumi<\/a><\/div>\r\n\t\t\t\t\t\t\t\t<h2 class=\"psacp-post-title\">\r\n\t\t\t\t\t<a href=\"https:\/\/siguldaspv.edu.lv\/?p=1331\">\u010cehijas skol\u0113ni viesojas Siguldas pils\u0113tas vidusskol\u0101<\/a>\r\n\t\t\t\t<\/h2>\r\n\r\n\t\t\t\t\t\t\t\t<div class=\"psacp-post-meta psacp-post-meta-up\">\r\n\t\t\t\t\t<span class=\"psacp-post-meta-data psacp-post-date\"><i class=\"fa fa-clock-o\"><\/i>27 apr\u012blis, 2026<\/span>\t\t\t\t<\/div>\r\n\t\t\t\t\t\t\t<\/div>\r\n\t\t<\/div>\r\n\r\n\t\t\t<\/div>\r\n<\/div><div class=\"psacp-post-slide psacp-post-1316 psacp-post-standard psacp-has-thumb\">\r\n\t<div class=\"psacp-post-carousel-content\">\r\n\t\t<div class=\"psacp-post-img-bg\" style=\"background-image:url(https:\/\/siguldaspv.edu.lv\/wp-content\/uploads\/2026\/04\/SPV_foto-500x500.jpg);\">\r\n\t\t\t<a class=\"psacp-post-linkoverlay\" href=\"https:\/\/siguldaspv.edu.lv\/?p=1316\"><\/a>\r\n\t\t\t<div class=\"psacp-post-overlay\">\r\n\t\t\t\t\t\t\t\t\t<div class=\"psacp-post-cats\"><a class=\"psacp-post-cat-link psacp-post-cat-1\" href=\"https:\/\/siguldaspv.edu.lv\/?cat=1\">Notikumi<\/a><\/div>\r\n\t\t\t\t\t\t\t\t<h2 class=\"psacp-post-title\">\r\n\t\t\t\t\t<a href=\"https:\/\/siguldaspv.edu.lv\/?p=1316\">Siguldas pils\u0113tas vidusskolas pedagogi Erasmus+ mobilit\u0101t\u0113 \u010cehij\u0101 g\u016bst starptautisku pieredzi<\/a>\r\n\t\t\t\t<\/h2>\r\n\r\n\t\t\t\t\t\t\t\t<div class=\"psacp-post-meta psacp-post-meta-up\">\r\n\t\t\t\t\t<span class=\"psacp-post-meta-data psacp-post-date\"><i class=\"fa fa-clock-o\"><\/i>15 apr\u012blis, 2026<\/span>\t\t\t\t<\/div>\r\n\t\t\t\t\t\t\t<\/div>\r\n\t\t<\/div>\r\n\r\n\t\t\t<\/div>\r\n<\/div><div class=\"psacp-post-slide psacp-post-1288 psacp-post-standard psacp-has-thumb\">\r\n\t<div class=\"psacp-post-carousel-content\">\r\n\t\t<div class=\"psacp-post-img-bg\" style=\"background-image:url(https:\/\/siguldaspv.edu.lv\/wp-content\/uploads\/2026\/01\/Atverto-durvju-diena-500x500.jpg);\">\r\n\t\t\t<a class=\"psacp-post-linkoverlay\" href=\"https:\/\/siguldaspv.edu.lv\/?p=1288\"><\/a>\r\n\t\t\t<div class=\"psacp-post-overlay\">\r\n\t\t\t\t\t\t\t\t\t<div class=\"psacp-post-cats\"><a class=\"psacp-post-cat-link psacp-post-cat-1\" href=\"https:\/\/siguldaspv.edu.lv\/?cat=1\">Notikumi<\/a><\/div>\r\n\t\t\t\t\t\t\t\t<h2 class=\"psacp-post-title\">\r\n\t\t\t\t\t<a href=\"https:\/\/siguldaspv.edu.lv\/?p=1288\">Atv\u0113rto durvju diena<\/a>\r\n\t\t\t\t<\/h2>\r\n\r\n\t\t\t\t\t\t\t\t<div class=\"psacp-post-meta psacp-post-meta-up\">\r\n\t\t\t\t\t<span class=\"psacp-post-meta-data psacp-post-date\"><i class=\"fa fa-clock-o\"><\/i>26 janv\u0101ris, 2026<\/span>\t\t\t\t<\/div>\r\n\t\t\t\t\t\t\t<\/div>\r\n\t\t<\/div>\r\n\r\n\t\t\t<\/div>\r\n<\/div><div class=\"psacp-post-slide psacp-post-1281 psacp-post-standard psacp-has-thumb\">\r\n\t<div class=\"psacp-post-carousel-content\">\r\n\t\t<div class=\"psacp-post-img-bg\" style=\"background-image:url(https:\/\/siguldaspv.edu.lv\/wp-content\/uploads\/2025\/12\/erasmus25-500x500.jpeg);\">\r\n\t\t\t<a class=\"psacp-post-linkoverlay\" href=\"https:\/\/siguldaspv.edu.lv\/?p=1281\"><\/a>\r\n\t\t\t<div class=\"psacp-post-overlay\">\r\n\t\t\t\t\t\t\t\t\t<div class=\"psacp-post-cats\"><a class=\"psacp-post-cat-link psacp-post-cat-1\" href=\"https:\/\/siguldaspv.edu.lv\/?cat=1\">Notikumi<\/a><\/div>\r\n\t\t\t\t\t\t\t\t<h2 class=\"psacp-post-title\">\r\n\t\t\t\t\t<a href=\"https:\/\/siguldaspv.edu.lv\/?p=1281\">Projekts &#8220;The Digital Teacher&#8221;<\/a>\r\n\t\t\t\t<\/h2>\r\n\r\n\t\t\t\t\t\t\t\t<div class=\"psacp-post-meta psacp-post-meta-up\">\r\n\t\t\t\t\t<span class=\"psacp-post-meta-data psacp-post-date\"><i class=\"fa fa-clock-o\"><\/i>15 decembris, 2025<\/span>\t\t\t\t<\/div>\r\n\t\t\t\t\t\t\t<\/div>\r\n\t\t<\/div>\r\n\r\n\t\t\t<\/div>\r\n<\/div><div class=\"psacp-post-slide psacp-post-1026 psacp-post-standard psacp-has-thumb\">\r\n\t<div class=\"psacp-post-carousel-content\">\r\n\t\t<div class=\"psacp-post-img-bg\" style=\"background-image:url(https:\/\/siguldaspv.edu.lv\/wp-content\/uploads\/2024\/11\/20241025_135310_1-scaled.jpg);\">\r\n\t\t\t<a class=\"psacp-post-linkoverlay\" href=\"https:\/\/siguldaspv.edu.lv\/?p=1026\"><\/a>\r\n\t\t\t<div class=\"psacp-post-overlay\">\r\n\t\t\t\t\t\t\t\t\t<div class=\"psacp-post-cats\"><a class=\"psacp-post-cat-link psacp-post-cat-1\" href=\"https:\/\/siguldaspv.edu.lv\/?cat=1\">Notikumi<\/a><\/div>\r\n\t\t\t\t\t\t\t\t<h2 class=\"psacp-post-title\">\r\n\t\t\t\t\t<a href=\"https:\/\/siguldaspv.edu.lv\/?p=1026\">Oxford University Press<\/a>\r\n\t\t\t\t<\/h2>\r\n\r\n\t\t\t\t\t\t\t\t<div class=\"psacp-post-meta psacp-post-meta-up\">\r\n\t\t\t\t\t<span class=\"psacp-post-meta-data psacp-post-date\"><i class=\"fa fa-clock-o\"><\/i>4 novembris, 2024<\/span>\t\t\t\t<\/div>\r\n\t\t\t\t\t\t\t<\/div>\r\n\t\t<\/div>\r\n\r\n\t\t\t<\/div>\r\n<\/div><div class=\"psacp-post-slide psacp-post-1007 psacp-post-standard psacp-has-thumb\">\r\n\t<div class=\"psacp-post-carousel-content\">\r\n\t\t<div class=\"psacp-post-img-bg\" style=\"background-image:url(https:\/\/siguldaspv.edu.lv\/wp-content\/uploads\/2024\/10\/KiVa_2024.jpg);\">\r\n\t\t\t<a class=\"psacp-post-linkoverlay\" href=\"https:\/\/siguldaspv.edu.lv\/?p=1007\"><\/a>\r\n\t\t\t<div class=\"psacp-post-overlay\">\r\n\t\t\t\t\t\t\t\t\t<div class=\"psacp-post-cats\"><a class=\"psacp-post-cat-link psacp-post-cat-1\" href=\"https:\/\/siguldaspv.edu.lv\/?cat=1\">Notikumi<\/a><\/div>\r\n\t\t\t\t\t\t\t\t<h2 class=\"psacp-post-title\">\r\n\t\t\t\t\t<a href=\"https:\/\/siguldaspv.edu.lv\/?p=1007\">KiVa diena SPV<\/a>\r\n\t\t\t\t<\/h2>\r\n\r\n\t\t\t\t\t\t\t\t<div class=\"psacp-post-meta psacp-post-meta-up\">\r\n\t\t\t\t\t<span class=\"psacp-post-meta-data psacp-post-date\"><i class=\"fa fa-clock-o\"><\/i>10 oktobris, 2024<\/span>\t\t\t\t<\/div>\r\n\t\t\t\t\t\t\t<\/div>\r\n\t\t<\/div>\r\n\r\n\t\t\t<\/div>\r\n<\/div><div class=\"psacp-post-slide psacp-post-989 psacp-post-standard psacp-has-thumb\">\r\n\t<div class=\"psacp-post-carousel-content\">\r\n\t\t<div class=\"psacp-post-img-bg\" style=\"background-image:url(https:\/\/siguldaspv.edu.lv\/wp-content\/uploads\/2024\/10\/volejbols.jpeg);\">\r\n\t\t\t<a class=\"psacp-post-linkoverlay\" href=\"https:\/\/siguldaspv.edu.lv\/?p=989\"><\/a>\r\n\t\t\t<div class=\"psacp-post-overlay\">\r\n\t\t\t\t\t\t\t\t\t<div class=\"psacp-post-cats\"><a class=\"psacp-post-cat-link psacp-post-cat-1\" href=\"https:\/\/siguldaspv.edu.lv\/?cat=1\">Notikumi<\/a><\/div>\r\n\t\t\t\t\t\t\t\t<h2 class=\"psacp-post-title\">\r\n\t\t\t\t\t<a href=\"https:\/\/siguldaspv.edu.lv\/?p=989\">\u201e\u0122imnazi\u0101de\u201d pludmales volejbol\u0101<\/a>\r\n\t\t\t\t<\/h2>\r\n\r\n\t\t\t\t\t\t\t\t<div class=\"psacp-post-meta psacp-post-meta-up\">\r\n\t\t\t\t\t<span class=\"psacp-post-meta-data psacp-post-date\"><i class=\"fa fa-clock-o\"><\/i>2 oktobris, 2024<\/span>\t\t\t\t<\/div>\r\n\t\t\t\t\t\t\t<\/div>\r\n\t\t<\/div>\r\n\r\n\t\t\t<\/div>\r\n<\/div><div class=\"psacp-post-slide psacp-post-983 psacp-post-standard psacp-has-thumb\">\r\n\t<div class=\"psacp-post-carousel-content\">\r\n\t\t<div class=\"psacp-post-img-bg\" style=\"background-image:url(https:\/\/siguldaspv.edu.lv\/wp-content\/uploads\/2024\/09\/futbols1-scaled.jpg);\">\r\n\t\t\t<a class=\"psacp-post-linkoverlay\" href=\"https:\/\/siguldaspv.edu.lv\/?p=983\"><\/a>\r\n\t\t\t<div class=\"psacp-post-overlay\">\r\n\t\t\t\t\t\t\t\t\t<div class=\"psacp-post-cats\"><a class=\"psacp-post-cat-link psacp-post-cat-1\" href=\"https:\/\/siguldaspv.edu.lv\/?cat=1\">Notikumi<\/a><\/div>\r\n\t\t\t\t\t\t\t\t<h2 class=\"psacp-post-title\">\r\n\t\t\t\t\t<a href=\"https:\/\/siguldaspv.edu.lv\/?p=983\">Futbola festiv\u0101ls<\/a>\r\n\t\t\t\t<\/h2>\r\n\r\n\t\t\t\t\t\t\t\t<div class=\"psacp-post-meta psacp-post-meta-up\">\r\n\t\t\t\t\t<span class=\"psacp-post-meta-data psacp-post-date\"><i class=\"fa fa-clock-o\"><\/i>29 septembris, 2024<\/span>\t\t\t\t<\/div>\r\n\t\t\t\t\t\t\t<\/div>\r\n\t\t<\/div>\r\n\r\n\t\t\t<\/div>\r\n<\/div><div class=\"psacp-post-slide psacp-post-972 psacp-post-standard psacp-has-thumb\">\r\n\t<div class=\"psacp-post-carousel-content\">\r\n\t\t<div class=\"psacp-post-img-bg\" style=\"background-image:url(https:\/\/siguldaspv.edu.lv\/wp-content\/uploads\/2024\/09\/papildspeeki.jpg);\">\r\n\t\t\t<a class=\"psacp-post-linkoverlay\" href=\"https:\/\/siguldaspv.edu.lv\/?p=972\"><\/a>\r\n\t\t\t<div class=\"psacp-post-overlay\">\r\n\t\t\t\t\t\t\t\t\t<div class=\"psacp-post-cats\"><a class=\"psacp-post-cat-link psacp-post-cat-1\" href=\"https:\/\/siguldaspv.edu.lv\/?cat=1\">Notikumi<\/a><\/div>\r\n\t\t\t\t\t\t\t\t<h2 class=\"psacp-post-title\">\r\n\t\t\t\t\t<a href=\"https:\/\/siguldaspv.edu.lv\/?p=972\">Mekl\u0113jam papildsp\u0113kus!<\/a>\r\n\t\t\t\t<\/h2>\r\n\r\n\t\t\t\t\t\t\t\t<div class=\"psacp-post-meta psacp-post-meta-up\">\r\n\t\t\t\t\t<span class=\"psacp-post-meta-data psacp-post-date\"><i class=\"fa fa-clock-o\"><\/i>11 septembris, 2024<\/span>\t\t\t\t<\/div>\r\n\t\t\t\t\t\t\t<\/div>\r\n\t\t<\/div>\r\n\r\n\t\t\t<\/div>\r\n<\/div><div class=\"psacp-post-slide psacp-post-966 psacp-post-standard psacp-no-thumb\">\r\n\t<div class=\"psacp-post-carousel-content\">\r\n\t\t<div class=\"psacp-post-img-bg\" style=\"\">\r\n\t\t\t<a class=\"psacp-post-linkoverlay\" href=\"https:\/\/siguldaspv.edu.lv\/?p=966\"><\/a>\r\n\t\t\t<div class=\"psacp-post-overlay\">\r\n\t\t\t\t\t\t\t\t\t<div class=\"psacp-post-cats\"><a class=\"psacp-post-cat-link psacp-post-cat-1\" href=\"https:\/\/siguldaspv.edu.lv\/?cat=1\">Notikumi<\/a><\/div>\r\n\t\t\t\t\t\t\t\t<h2 class=\"psacp-post-title\">\r\n\t\t\t\t\t<a href=\"https:\/\/siguldaspv.edu.lv\/?p=966\">Inov\u0101ciju skola pied\u0101v\u0101<\/a>\r\n\t\t\t\t<\/h2>\r\n\r\n\t\t\t\t\t\t\t\t<div class=\"psacp-post-meta psacp-post-meta-up\">\r\n\t\t\t\t\t<span class=\"psacp-post-meta-data psacp-post-date\"><i class=\"fa fa-clock-o\"><\/i>5 septembris, 2024<\/span>\t\t\t\t<\/div>\r\n\t\t\t\t\t\t\t<\/div>\r\n\t\t<\/div>\r\n\r\n\t\t\t<\/div>\r\n<\/div><div class=\"psacp-post-slide psacp-post-952 psacp-post-standard psacp-has-thumb\">\r\n\t<div class=\"psacp-post-carousel-content\">\r\n\t\t<div class=\"psacp-post-img-bg\" style=\"background-image:url(https:\/\/siguldaspv.edu.lv\/wp-content\/uploads\/2024\/08\/vec_sap_2024.jpg);\">\r\n\t\t\t<a class=\"psacp-post-linkoverlay\" href=\"https:\/\/siguldaspv.edu.lv\/?p=952\"><\/a>\r\n\t\t\t<div class=\"psacp-post-overlay\">\r\n\t\t\t\t\t\t\t\t\t<div class=\"psacp-post-cats\"><a class=\"psacp-post-cat-link psacp-post-cat-1\" href=\"https:\/\/siguldaspv.edu.lv\/?cat=1\">Notikumi<\/a><\/div>\r\n\t\t\t\t\t\t\t\t<h2 class=\"psacp-post-title\">\r\n\t\t\t\t\t<a href=\"https:\/\/siguldaspv.edu.lv\/?p=952\">Vec\u0101ku sapulces 7. un 10. kla\u0161u skol\u0113nu vec\u0101kiem<\/a>\r\n\t\t\t\t<\/h2>\r\n\r\n\t\t\t\t\t\t\t\t<div class=\"psacp-post-meta psacp-post-meta-up\">\r\n\t\t\t\t\t<span class=\"psacp-post-meta-data psacp-post-date\"><i class=\"fa fa-clock-o\"><\/i>21 augusts, 2024<\/span>\t\t\t\t<\/div>\r\n\t\t\t\t\t\t\t<\/div>\r\n\t\t<\/div>\r\n\r\n\t\t\t<\/div>\r\n<\/div><div class=\"psacp-post-slide psacp-post-949 psacp-post-standard psacp-has-thumb\">\r\n\t<div class=\"psacp-post-carousel-content\">\r\n\t\t<div class=\"psacp-post-img-bg\" style=\"background-image:url(https:\/\/siguldaspv.edu.lv\/wp-content\/uploads\/2024\/07\/kas-sej-tas-plauj.jpg);\">\r\n\t\t\t<a class=\"psacp-post-linkoverlay\" href=\"https:\/\/siguldaspv.edu.lv\/?p=949\"><\/a>\r\n\t\t\t<div class=\"psacp-post-overlay\">\r\n\t\t\t\t\t\t\t\t\t<div class=\"psacp-post-cats\"><a class=\"psacp-post-cat-link psacp-post-cat-1\" href=\"https:\/\/siguldaspv.edu.lv\/?cat=1\">Notikumi<\/a><\/div>\r\n\t\t\t\t\t\t\t\t<h2 class=\"psacp-post-title\">\r\n\t\t\t\t\t<a href=\"https:\/\/siguldaspv.edu.lv\/?p=949\">Kas s\u0113j, tas p\u013cauj!<\/a>\r\n\t\t\t\t<\/h2>\r\n\r\n\t\t\t\t\t\t\t\t<div class=\"psacp-post-meta psacp-post-meta-up\">\r\n\t\t\t\t\t<span class=\"psacp-post-meta-data psacp-post-date\"><i class=\"fa fa-clock-o\"><\/i>8 j\u016blijs, 2024<\/span>\t\t\t\t<\/div>\r\n\t\t\t\t\t\t\t<\/div>\r\n\t\t<\/div>\r\n\r\n\t\t\t<\/div>\r\n<\/div><div class=\"psacp-post-slide psacp-post-943 psacp-post-standard psacp-has-thumb\">\r\n\t<div class=\"psacp-post-carousel-content\">\r\n\t\t<div class=\"psacp-post-img-bg\" style=\"background-image:url(https:\/\/siguldaspv.edu.lv\/wp-content\/uploads\/2024\/06\/9kl_izl.jpg);\">\r\n\t\t\t<a class=\"psacp-post-linkoverlay\" href=\"https:\/\/siguldaspv.edu.lv\/?p=943\"><\/a>\r\n\t\t\t<div class=\"psacp-post-overlay\">\r\n\t\t\t\t\t\t\t\t\t<div class=\"psacp-post-cats\"><a class=\"psacp-post-cat-link psacp-post-cat-1\" href=\"https:\/\/siguldaspv.edu.lv\/?cat=1\">Notikumi<\/a><\/div>\r\n\t\t\t\t\t\t\t\t<h2 class=\"psacp-post-title\">\r\n\t\t\t\t\t<a href=\"https:\/\/siguldaspv.edu.lv\/?p=943\">Za\u013ca, za\u013ca za\u013cumballe, za\u013ci pa\u0161i m\u0113s!<\/a>\r\n\t\t\t\t<\/h2>\r\n\r\n\t\t\t\t\t\t\t\t<div class=\"psacp-post-meta psacp-post-meta-up\">\r\n\t\t\t\t\t<span class=\"psacp-post-meta-data psacp-post-date\"><i class=\"fa fa-clock-o\"><\/i>21 j\u016bnijs, 2024<\/span>\t\t\t\t<\/div>\r\n\t\t\t\t\t\t\t<\/div>\r\n\t\t<\/div>\r\n\r\n\t\t\t<\/div>\r\n<\/div><div class=\"psacp-post-slide psacp-post-846 psacp-post-standard psacp-has-thumb\">\r\n\t<div class=\"psacp-post-carousel-content\">\r\n\t\t<div class=\"psacp-post-img-bg\" style=\"background-image:url(https:\/\/siguldaspv.edu.lv\/wp-content\/uploads\/2024\/03\/WhatsApp-Image-2024-03-19-at-10.36.18.jpeg);\">\r\n\t\t\t<a class=\"psacp-post-linkoverlay\" href=\"https:\/\/siguldaspv.edu.lv\/?p=846\"><\/a>\r\n\t\t\t<div class=\"psacp-post-overlay\">\r\n\t\t\t\t\t\t\t\t\t<div class=\"psacp-post-cats\"><a class=\"psacp-post-cat-link psacp-post-cat-1\" href=\"https:\/\/siguldaspv.edu.lv\/?cat=1\">Notikumi<\/a><\/div>\r\n\t\t\t\t\t\t\t\t<h2 class=\"psacp-post-title\">\r\n\t\t\t\t\t<a href=\"https:\/\/siguldaspv.edu.lv\/?p=846\">Konkurss &#8220;Dejo ar skolot\u0101ju&#8221;<\/a>\r\n\t\t\t\t<\/h2>\r\n\r\n\t\t\t\t\t\t\t\t<div class=\"psacp-post-meta psacp-post-meta-up\">\r\n\t\t\t\t\t<span class=\"psacp-post-meta-data psacp-post-date\"><i class=\"fa fa-clock-o\"><\/i>19 marts, 2024<\/span>\t\t\t\t<\/div>\r\n\t\t\t\t\t\t\t<\/div>\r\n\t\t<\/div>\r\n\r\n\t\t\t<\/div>\r\n<\/div><div class=\"psacp-post-slide psacp-post-828 psacp-post-standard psacp-has-thumb\">\r\n\t<div class=\"psacp-post-carousel-content\">\r\n\t\t<div class=\"psacp-post-img-bg\" style=\"background-image:url(https:\/\/siguldaspv.edu.lv\/wp-content\/uploads\/2024\/02\/iespeju_jura.png);\">\r\n\t\t\t<a class=\"psacp-post-linkoverlay\" href=\"https:\/\/siguldaspv.edu.lv\/?p=828\"><\/a>\r\n\t\t\t<div class=\"psacp-post-overlay\">\r\n\t\t\t\t\t\t\t\t\t<div class=\"psacp-post-cats\"><a class=\"psacp-post-cat-link psacp-post-cat-1\" href=\"https:\/\/siguldaspv.edu.lv\/?cat=1\">Notikumi<\/a><\/div>\r\n\t\t\t\t\t\t\t\t<h2 class=\"psacp-post-title\">\r\n\t\t\t\t\t<a href=\"https:\/\/siguldaspv.edu.lv\/?p=828\">Absolventu vakars &#8220;Iesp\u0113ju j\u016bra&#8221;<\/a>\r\n\t\t\t\t<\/h2>\r\n\r\n\t\t\t\t\t\t\t\t<div class=\"psacp-post-meta psacp-post-meta-up\">\r\n\t\t\t\t\t<span class=\"psacp-post-meta-data psacp-post-date\"><i class=\"fa fa-clock-o\"><\/i>7 febru\u0101ris, 2024<\/span>\t\t\t\t<\/div>\r\n\t\t\t\t\t\t\t<\/div>\r\n\t\t<\/div>\r\n\r\n\t\t\t<\/div>\r\n<\/div><div class=\"psacp-post-slide psacp-post-822 psacp-post-standard psacp-has-thumb\">\r\n\t<div class=\"psacp-post-carousel-content\">\r\n\t\t<div class=\"psacp-post-img-bg\" style=\"background-image:url(https:\/\/siguldaspv.edu.lv\/wp-content\/uploads\/2024\/02\/SPV_atver_durvis-1.jpg);\">\r\n\t\t\t<a class=\"psacp-post-linkoverlay\" href=\"https:\/\/siguldaspv.edu.lv\/?p=822\"><\/a>\r\n\t\t\t<div class=\"psacp-post-overlay\">\r\n\t\t\t\t\t\t\t\t\t<div class=\"psacp-post-cats\"><a class=\"psacp-post-cat-link psacp-post-cat-1\" href=\"https:\/\/siguldaspv.edu.lv\/?cat=1\">Notikumi<\/a><\/div>\r\n\t\t\t\t\t\t\t\t<h2 class=\"psacp-post-title\">\r\n\t\t\t\t\t<a href=\"https:\/\/siguldaspv.edu.lv\/?p=822\">Atv\u0113rto durvju diena topo\u0161ajiem pirmklasniekiem un vi\u0146u vec\u0101kiem<\/a>\r\n\t\t\t\t<\/h2>\r\n\r\n\t\t\t\t\t\t\t\t<div class=\"psacp-post-meta psacp-post-meta-up\">\r\n\t\t\t\t\t<span class=\"psacp-post-meta-data psacp-post-date\"><i class=\"fa fa-clock-o\"><\/i>6 febru\u0101ris, 2024<\/span>\t\t\t\t<\/div>\r\n\t\t\t\t\t\t\t<\/div>\r\n\t\t<\/div>\r\n\r\n\t\t\t<\/div>\r\n<\/div><div class=\"psacp-post-slide psacp-post-817 psacp-post-standard psacp-has-thumb\">\r\n\t<div class=\"psacp-post-carousel-content\">\r\n\t\t<div class=\"psacp-post-img-bg\" style=\"background-image:url(https:\/\/siguldaspv.edu.lv\/wp-content\/uploads\/2024\/01\/Fancy-1.jpg);\">\r\n\t\t\t<a class=\"psacp-post-linkoverlay\" href=\"https:\/\/siguldaspv.edu.lv\/?p=817\"><\/a>\r\n\t\t\t<div class=\"psacp-post-overlay\">\r\n\t\t\t\t\t\t\t\t\t<div class=\"psacp-post-cats\"><a class=\"psacp-post-cat-link psacp-post-cat-1\" href=\"https:\/\/siguldaspv.edu.lv\/?cat=1\">Notikumi<\/a><\/div>\r\n\t\t\t\t\t\t\t\t<h2 class=\"psacp-post-title\">\r\n\t\t\t\t\t<a href=\"https:\/\/siguldaspv.edu.lv\/?p=817\">Valent\u012bna dienas ball\u012bte<\/a>\r\n\t\t\t\t<\/h2>\r\n\r\n\t\t\t\t\t\t\t\t<div class=\"psacp-post-meta psacp-post-meta-up\">\r\n\t\t\t\t\t<span class=\"psacp-post-meta-data psacp-post-date\"><i class=\"fa fa-clock-o\"><\/i>30 janv\u0101ris, 2024<\/span>\t\t\t\t<\/div>\r\n\t\t\t\t\t\t\t<\/div>\r\n\t\t<\/div>\r\n\r\n\t\t\t<\/div>\r\n<\/div><div class=\"psacp-post-slide psacp-post-806 psacp-post-standard psacp-has-thumb\">\r\n\t<div class=\"psacp-post-carousel-content\">\r\n\t\t<div class=\"psacp-post-img-bg\" style=\"background-image:url(https:\/\/siguldaspv.edu.lv\/wp-content\/uploads\/2024\/01\/barikades.jpeg);\">\r\n\t\t\t<a class=\"psacp-post-linkoverlay\" href=\"https:\/\/siguldaspv.edu.lv\/?p=806\"><\/a>\r\n\t\t\t<div class=\"psacp-post-overlay\">\r\n\t\t\t\t\t\t\t\t\t<div class=\"psacp-post-cats\"><a class=\"psacp-post-cat-link psacp-post-cat-1\" href=\"https:\/\/siguldaspv.edu.lv\/?cat=1\">Notikumi<\/a><\/div>\r\n\t\t\t\t\t\t\t\t<h2 class=\"psacp-post-title\">\r\n\t\t\t\t\t<a href=\"https:\/\/siguldaspv.edu.lv\/?p=806\">Atceroties barik\u0101des<\/a>\r\n\t\t\t\t<\/h2>\r\n\r\n\t\t\t\t\t\t\t\t<div class=\"psacp-post-meta psacp-post-meta-up\">\r\n\t\t\t\t\t<span class=\"psacp-post-meta-data psacp-post-date\"><i class=\"fa fa-clock-o\"><\/i>18 janv\u0101ris, 2024<\/span>\t\t\t\t<\/div>\r\n\t\t\t\t\t\t\t<\/div>\r\n\t\t<\/div>\r\n\r\n\t\t\t<\/div>\r\n<\/div><div class=\"psacp-post-slide psacp-post-797 psacp-post-standard psacp-has-thumb\">\r\n\t<div class=\"psacp-post-carousel-content\">\r\n\t\t<div class=\"psacp-post-img-bg\" style=\"background-image:url(https:\/\/siguldaspv.edu.lv\/wp-content\/uploads\/2024\/01\/vaidere_1.jpeg);\">\r\n\t\t\t<a class=\"psacp-post-linkoverlay\" href=\"https:\/\/siguldaspv.edu.lv\/?p=797\"><\/a>\r\n\t\t\t<div class=\"psacp-post-overlay\">\r\n\t\t\t\t\t\t\t\t\t<div class=\"psacp-post-cats\"><a class=\"psacp-post-cat-link psacp-post-cat-1\" href=\"https:\/\/siguldaspv.edu.lv\/?cat=1\">Notikumi<\/a><\/div>\r\n\t\t\t\t\t\t\t\t<h2 class=\"psacp-post-title\">\r\n\t\t\t\t\t<a href=\"https:\/\/siguldaspv.edu.lv\/?p=797\">Eiropas parlamenta deput\u0101tes Ineses Vaideres vieso\u0161an\u0101s m\u016bsu skol\u0101<\/a>\r\n\t\t\t\t<\/h2>\r\n\r\n\t\t\t\t\t\t\t\t<div class=\"psacp-post-meta psacp-post-meta-up\">\r\n\t\t\t\t\t<span class=\"psacp-post-meta-data psacp-post-date\"><i class=\"fa fa-clock-o\"><\/i>15 janv\u0101ris, 2024<\/span>\t\t\t\t<\/div>\r\n\t\t\t\t\t\t\t<\/div>\r\n\t\t<\/div>\r\n\r\n\t\t\t<\/div>\r\n<\/div><div class=\"psacp-post-slide psacp-post-776 psacp-post-standard psacp-has-thumb\">\r\n\t<div class=\"psacp-post-carousel-content\">\r\n\t\t<div class=\"psacp-post-img-bg\" style=\"background-image:url(https:\/\/siguldaspv.edu.lv\/wp-content\/uploads\/2023\/12\/krievu-valodas-olimpiade-724x1024.png);\">\r\n\t\t\t<a class=\"psacp-post-linkoverlay\" href=\"https:\/\/siguldaspv.edu.lv\/?p=776\"><\/a>\r\n\t\t\t<div class=\"psacp-post-overlay\">\r\n\t\t\t\t\t\t\t\t\t<div class=\"psacp-post-cats\"><a class=\"psacp-post-cat-link psacp-post-cat-1\" href=\"https:\/\/siguldaspv.edu.lv\/?cat=1\">Notikumi<\/a><\/div>\r\n\t\t\t\t\t\t\t\t<h2 class=\"psacp-post-title\">\r\n\t\t\t\t\t<a href=\"https:\/\/siguldaspv.edu.lv\/?p=776\">Lepojamies!<\/a>\r\n\t\t\t\t<\/h2>\r\n\r\n\t\t\t\t\t\t\t\t<div class=\"psacp-post-meta psacp-post-meta-up\">\r\n\t\t\t\t\t<span class=\"psacp-post-meta-data psacp-post-date\"><i class=\"fa fa-clock-o\"><\/i>12 decembris, 2023<\/span>\t\t\t\t<\/div>\r\n\t\t\t\t\t\t\t<\/div>\r\n\t\t<\/div>\r\n\r\n\t\t\t<\/div>\r\n<\/div><\/div>\n\n\n\n<hr class=\"wp-block-separator has-text-color has-accent-color has-css-opacity has-accent-background-color has-background\"\/>\n\n\n\n<p><a href=\"https:\/\/siguldaspv.edu.lv\/wp-content\/uploads\/2025\/04\/Siguldas-pilsetas-vidusskola_04_2025_2.pdf\">Skolas padomes s\u0113des prezent\u0101cija<\/a><\/p>\n\n\n\n<figure class=\"wp-block-embed is-type-rich is-provider-iegult-apdarin-t-ju wp-block-embed-iegult-apdarin-t-ju wp-embed-aspect-16-9 wp-has-aspect-ratio\"><div class=\"wp-block-embed__wrapper\">\n<iframe loading=\"lazy\" title=\"arduks\" width=\"1200\" height=\"675\" src=\"https:\/\/www.youtube.com\/embed\/N2TRUsrX6MQ?feature=oembed\" frameborder=\"0\" allow=\"accelerometer; autoplay; clipboard-write; encrypted-media; gyroscope; picture-in-picture; web-share\" referrerpolicy=\"strict-origin-when-cross-origin\" allowfullscreen><\/iframe>\n<\/div><\/figure>\n\n\n\n<hr class=\"wp-block-separator has-text-color has-accent-color has-css-opacity has-accent-background-color has-background is-style-wide\"\/>\n\n\n\n<h2 class=\"wp-block-heading\" id=\"skolas-notikumu-kalendars\">Skolas notikumu kalend\u0101rs<\/h2>\n\n\n\n<p><a href=\"https:\/\/siguldaspv.edu.lv\/?page_id=1011\">Izveidota skolas atbalsta biedr\u012bba<\/a><\/p>\n\n\n\n<p><\/p>\n\n\n\n<p><\/p>\n\n\n\n<p><\/p>\n\n\n\n<p><\/p>\n\n\n\n<p><\/p>\n\n\n\n<p><\/p>\n","protected":false},"excerpt":{"rendered":"<p>Skolas padomes s\u0113des prezent\u0101cija Skolas notikumu kalend\u0101rs Izveidota skolas atbalsta biedr\u012bba<\/p>\n","protected":false},"author":1,"featured_media":0,"parent":0,"menu_order":0,"comment_status":"closed","ping_status":"closed","template":"","meta":{"inline_featured_image":false,"footnotes":""},"class_list":["post-27","page","type-page","status-publish","hentry"],"_links":{"self":[{"href":"https:\/\/siguldaspv.edu.lv\/index.php?rest_route=\/wp\/v2\/pages\/27","targetHints":{"allow":["GET"]}}],"collection":[{"href":"https:\/\/siguldaspv.edu.lv\/index.php?rest_route=\/wp\/v2\/pages"}],"about":[{"href":"https:\/\/siguldaspv.edu.lv\/index.php?rest_route=\/wp\/v2\/types\/page"}],"author":[{"embeddable":true,"href":"https:\/\/siguldaspv.edu.lv\/index.php?rest_route=\/wp\/v2\/users\/1"}],"replies":[{"embeddable":true,"href":"https:\/\/siguldaspv.edu.lv\/index.php?rest_route=%2Fwp%2Fv2%2Fcomments&post=27"}],"version-history":[{"count":90,"href":"https:\/\/siguldaspv.edu.lv\/index.php?rest_route=\/wp\/v2\/pages\/27\/revisions"}],"predecessor-version":[{"id":1297,"href":"https:\/\/siguldaspv.edu.lv\/index.php?rest_route=\/wp\/v2\/pages\/27\/revisions\/1297"}],"wp:attachment":[{"href":"https:\/\/siguldaspv.edu.lv\/index.php?rest_route=%2Fwp%2Fv2%2Fmedia&parent=27"}],"curies":[{"name":"wp","href":"https:\/\/api.w.org\/{rel}","templated":true}]}}