{"id":266,"date":"2022-02-18T10:41:59","date_gmt":"2022-02-18T08:41:59","guid":{"rendered":"http:\/\/siguldaspv.lv\/wp1\/?page_id=266"},"modified":"2022-02-18T11:00:40","modified_gmt":"2022-02-18T09:00:40","slug":"jaunumi-2","status":"publish","type":"page","link":"https:\/\/siguldaspv.edu.lv\/?page_id=266","title":{"rendered":"Jaunumi"},"content":{"rendered":"\n<div class=\"wp-block-query is-layout-flow wp-block-query-is-layout-flow\"><ul class=\"wp-block-post-template is-layout-flow wp-block-post-template-is-layout-flow\"><li class=\"wp-block-post post-1331 post type-post status-publish format-standard has-post-thumbnail hentry category-uncategorized\">\n<h2 class=\"wp-block-post-title\">\u010cehijas skol\u0113ni viesojas Siguldas pils\u0113tas vidusskol\u0101<\/h2>\n\n<div class=\"wp-block-post-date\"><time datetime=\"2026-04-27T09:55:27+03:00\">27 apr\u012blis, 2026<\/time><\/div>\n\n<div class=\"wp-block-post-excerpt\"><p class=\"wp-block-post-excerpt__excerpt\">\u010cehijas skol\u0113ni viesojas Siguldas pils\u0113tas vidusskol\u0101: starptautiska sadarb\u012bba, valodu prakse un kult\u016bras iepaz\u012b\u0161ana No 19. l\u012bdz 25. apr\u012blim Siguldas pils\u0113tas vidusskol\u0101 viesoj\u0101s skol\u0113nu grupa no \u010cehijas \u2013 N\u00e1m\u011b\u0161\u0165 nad Oslavou pamatskolas. Viz\u012bt\u0113 piedal\u012bj\u0101s 8. klases 8 skol\u0113ni un divas skolot\u0101jas, \u012bstenojot starptautisku izgl\u012bt\u012bbas un kult\u016bras apmai\u0146as aktivit\u0101ti. Viz\u012btes laik\u0101 \u010dehu skol\u0113ni akt\u012bvi iesaist\u012bj\u0101s m\u0101c\u012bbu proces\u0101,<\/p><p class=\"wp-block-post-excerpt__more-text\"><a class=\"wp-block-post-excerpt__more-link\" href=\"https:\/\/siguldaspv.edu.lv\/?p=1331\">Las\u012bt vair\u0101k<\/a><\/p><\/div>\n\n\n<hr class=\"wp-block-separator is-style-wide\"\/>\n\n<\/li><li class=\"wp-block-post post-1316 post type-post status-publish format-standard has-post-thumbnail hentry category-uncategorized\">\n<h2 class=\"wp-block-post-title\">Siguldas pils\u0113tas vidusskolas pedagogi Erasmus+ mobilit\u0101t\u0113 \u010cehij\u0101 g\u016bst starptautisku pieredzi<\/h2>\n\n<div class=\"wp-block-post-date\"><time datetime=\"2026-04-15T15:42:16+03:00\">15 apr\u012blis, 2026<\/time><\/div>\n\n<div class=\"wp-block-post-excerpt\"><p class=\"wp-block-post-excerpt__excerpt\">Siguldas pils\u0113tas vidusskolas pedagogi Erasmus+ mobilit\u0101t\u0113 \u010cehij\u0101 g\u016bst starptautisku pieredzi No 1. l\u012bdz 5. martam Siguldas pils\u0113tas vidusskolas pedagogi piedal\u012bj\u0101s starptautisk\u0101 darba v\u0113ro\u0161anas mobilit\u0101t\u0113 Erasmus+ projekta ietvaros. Skolot\u0101jas Ieva Gaile, Indra Blaua, Inga Straume un Eva Tiliba dev\u0101s uz Z\u0160 &amp; M\u0160 Horn\u00ed Mo\u0161t\u011bnice skolu \u010cehij\u0101, lai iepaz\u012btu t\u0101s m\u0101c\u012bbu procesa organiz\u0101ciju un dal\u012btos profesion\u0101laj\u0101<\/p><p class=\"wp-block-post-excerpt__more-text\"><a class=\"wp-block-post-excerpt__more-link\" href=\"https:\/\/siguldaspv.edu.lv\/?p=1316\">Las\u012bt vair\u0101k<\/a><\/p><\/div>\n\n\n<hr class=\"wp-block-separator is-style-wide\"\/>\n\n<\/li><li class=\"wp-block-post post-1288 post type-post status-publish format-standard has-post-thumbnail hentry category-uncategorized\">\n<h2 class=\"wp-block-post-title\">Atv\u0113rto durvju diena<\/h2>\n\n<div class=\"wp-block-post-date\"><time datetime=\"2026-01-26T17:24:02+02:00\">26 janv\u0101ris, 2026<\/time><\/div>\n\n<div class=\"wp-block-post-excerpt\"><p class=\"wp-block-post-excerpt__excerpt\"><\/p><p class=\"wp-block-post-excerpt__more-text\"><a class=\"wp-block-post-excerpt__more-link\" href=\"https:\/\/siguldaspv.edu.lv\/?p=1288\">Las\u012bt vair\u0101k<\/a><\/p><\/div>\n\n\n<hr class=\"wp-block-separator is-style-wide\"\/>\n\n<\/li><li class=\"wp-block-post post-1281 post type-post status-publish format-standard has-post-thumbnail hentry category-uncategorized\">\n<h2 class=\"wp-block-post-title\">Projekts &#8220;The Digital Teacher&#8221;<\/h2>\n\n<div class=\"wp-block-post-date\"><time datetime=\"2025-12-15T12:47:43+02:00\">15 decembris, 2025<\/time><\/div>\n\n<div class=\"wp-block-post-excerpt\"><p class=\"wp-block-post-excerpt__excerpt\">No 27.oktobra l\u012bdz 1.novembrim tr\u012bs Siguldas pils\u0113tas vidusskolas pedago\u0123es &#8211; Ieva Ressele, Agnese Petrovska un Di\u0101na Granta &#8211; piedal\u012bj\u0101s Erasmus+ projekt\u0101 \u201cThe Digital Teacher: A 21-Century Introduction to Digital Education\u201d Valensij\u0101, Sp\u0101nij\u0101. Kop\u0101 ar SPV skolot\u0101j\u0101m m\u0101c\u012bbu kurs\u0101 darboj\u0101s pedagogi no V\u0101cijas, It\u0101lijas, \u010cehijas, \u012arijas, Horv\u0101tijas un Polijas. Projekta laik\u0101 skolot\u0101jas apguva jaun\u0101k\u0101s digit\u0101l\u0101s prasmes,<\/p><p class=\"wp-block-post-excerpt__more-text\"><a class=\"wp-block-post-excerpt__more-link\" href=\"https:\/\/siguldaspv.edu.lv\/?p=1281\">Las\u012bt vair\u0101k<\/a><\/p><\/div>\n\n\n<hr class=\"wp-block-separator is-style-wide\"\/>\n\n<\/li><li class=\"wp-block-post post-1026 post type-post status-publish format-standard has-post-thumbnail hentry category-uncategorized\">\n<h2 class=\"wp-block-post-title\">Oxford University Press<\/h2>\n\n<div class=\"wp-block-post-date\"><time datetime=\"2024-11-04T13:10:53+02:00\">4 novembris, 2024<\/time><\/div>\n\n<div class=\"wp-block-post-excerpt\"><p class=\"wp-block-post-excerpt__excerpt\">Siguldas pils\u0113tas vidusskola jau desmit gadus ang\u013cu valodas apguv\u0113 izmanto Oxford University Press (Oksfordas Universit\u0101tes noda\u013ca) m\u0101c\u012bbu un darba gr\u0101matas. 2024. gada 25.oktobr\u012b SPV skolot\u0101jas Ieva Gaile un Ieva Ro\u0137e tikai aicin\u0101tas uz tik\u0161anos, lai papildin\u0101tu iema\u0146as darb\u0101 ar skol\u0113niem \u2013 stiprin\u0101tu vi\u0146u klaus\u012b\u0161an\u0101s, las\u012b\u0161anas un rakst\u012b\u0161anas prasmes. Skolot\u0101jas sa\u0146\u0113ma pateic\u012bbu un atzin\u012bbu Siguldas pils\u0113tas<\/p><p class=\"wp-block-post-excerpt__more-text\"><a class=\"wp-block-post-excerpt__more-link\" href=\"https:\/\/siguldaspv.edu.lv\/?p=1026\">Las\u012bt vair\u0101k<\/a><\/p><\/div>\n\n\n<hr class=\"wp-block-separator is-style-wide\"\/>\n\n<\/li><\/ul>\n\n<nav class=\"wp-block-query-pagination is-layout-flex wp-block-query-pagination-is-layout-flex\" aria-label=\"Lapo\u0161ana\">\n\n\n<div class=\"wp-block-query-pagination-numbers\"><span aria-current=\"page\" class=\"page-numbers current\">1<\/span>\n<a class=\"page-numbers\" href=\"?query-21-page=2&#038;rest_route=%2Fwp%2Fv2%2Fpages%2F266\">2<\/a>\n<a class=\"page-numbers\" href=\"?query-21-page=3&#038;rest_route=%2Fwp%2Fv2%2Fpages%2F266\">3<\/a>\n<span class=\"page-numbers dots\">&hellip;<\/span>\n<a class=\"page-numbers\" href=\"?query-21-page=5&#038;rest_route=%2Fwp%2Fv2%2Fpages%2F266\">5<\/a><\/div>\n\n<a href=\"\/index.php?rest_route=%2Fwp%2Fv2%2Fpages%2F266&#038;query-21-page=2\" class=\"wp-block-query-pagination-next\">N\u0101kam\u0101 lapa<\/a>\n<\/nav><\/div>\n\n\n\n<p><\/p>\n","protected":false},"excerpt":{"rendered":"","protected":false},"author":1,"featured_media":0,"parent":0,"menu_order":0,"comment_status":"closed","ping_status":"closed","template":"","meta":{"inline_featured_image":false,"footnotes":""},"class_list":["post-266","page","type-page","status-publish"],"_links":{"self":[{"href":"https:\/\/siguldaspv.edu.lv\/index.php?rest_route=\/wp\/v2\/pages\/266","targetHints":{"allow":["GET"]}}],"collection":[{"href":"https:\/\/siguldaspv.edu.lv\/index.php?rest_route=\/wp\/v2\/pages"}],"about":[{"href":"https:\/\/siguldaspv.edu.lv\/index.php?rest_route=\/wp\/v2\/types\/page"}],"author":[{"embeddable":true,"href":"https:\/\/siguldaspv.edu.lv\/index.php?rest_route=\/wp\/v2\/users\/1"}],"replies":[{"embeddable":true,"href":"https:\/\/siguldaspv.edu.lv\/index.php?rest_route=%2Fwp%2Fv2%2Fcomments&post=266"}],"version-history":[{"count":4,"href":"https:\/\/siguldaspv.edu.lv\/index.php?rest_route=\/wp\/v2\/pages\/266\/revisions"}],"predecessor-version":[{"id":270,"href":"https:\/\/siguldaspv.edu.lv\/index.php?rest_route=\/wp\/v2\/pages\/266\/revisions\/270"}],"wp:attachment":[{"href":"https:\/\/siguldaspv.edu.lv\/index.php?rest_route=%2Fwp%2Fv2%2Fmedia&parent=266"}],"curies":[{"name":"wp","href":"https:\/\/api.w.org\/{rel}","templated":true}]}}