{"id":23,"date":"2022-01-17T06:54:46","date_gmt":"2022-01-17T06:54:46","guid":{"rendered":"http:\/\/siguldaspv.lv\/wp1\/?page_id=23"},"modified":"2026-02-12T15:13:26","modified_gmt":"2026-02-12T13:13:26","slug":"uznemsana","status":"publish","type":"page","link":"https:\/\/siguldaspv.edu.lv\/?page_id=23","title":{"rendered":"Uz\u0146em\u0161ana"},"content":{"rendered":"\n<p>Tik\u0161an\u0101s ar topo\u0161o pirmklasnieku vec\u0101kiem notiks 4. febru\u0101r\u012b plkst.18 00 skolas Svin\u012bbu z\u0101l\u0113.<\/p>\n\n\n\n<hr class=\"wp-block-separator has-alpha-channel-opacity\"\/>\n\n\n\n<p>Siguldas pils\u0113tas vidusskol\u0101 skol\u0113nus uz\u0146em saska\u0146\u0101 ar Siguldas novada pa\u0161vald\u012bbas saisto\u0161ajiem noteikumiem &#8220;Par k\u0101rt\u012bbu, k\u0101d\u0101 b\u0113rnus re\u0123istr\u0113 un uz\u0146em Siguldas pils\u0113tas visp\u0101r\u0113j\u0101s izgl\u012bt\u012bbas iest\u0101\u017eu pamatizgl\u012bt\u012bbas programm\u0101s&#8221; (<a href=\"https:\/\/likumi.lv\/ta\/id\/352228-par-kartibu-kada-bernus-registre-un-uznem-siguldas-novada-pasvaldibas-visparejas-izglitibas-iestazu-pamatizglitibas-programmas\">pieejams \u0161eit<\/a>)<\/p>\n\n\n\n<hr class=\"wp-block-separator has-css-opacity is-style-wide\"\/>\n\n\n\n<p><a href=\"https:\/\/siguldaspv.edu.lv\/wp-content\/uploads\/2026\/02\/Iesniegums_1.klase_26.pdf\">Iesniegums uz\u0146em\u0161anai pirmaj\u0101 klas\u0113<\/a><br>Iesniegums uz\u0146em\u0161anai pirmaj\u0101 klas\u0113 (elektroniskai aizpild\u012b\u0161anai)<\/p>\n\n\n\n<hr class=\"wp-block-separator has-css-opacity is-style-wide\"\/>\n\n\n\n<p>Uz\u0146em\u0161ana no 2. l\u012bdz 9. klasei<\/p>\n\n\n\n<p>Siguldas pils\u0113tas vidusskola skol\u0113nus no 2. l\u012bdz 9. klasei uz\u0146em visp\u0101r\u012bg\u0101 k\u0101rt\u012bb\u0101 m\u0101c\u012bbu gada laik\u0101.<\/p>\n\n\n\n<p><a href=\"https:\/\/siguldaspv.edu.lv\/wp-content\/uploads\/2025\/05\/iesniegums-25_26-pamtizgl.docx\">Iesniegums uz\u0146em\u0161anai no 2. l\u012bdz 9. klasei<\/a><\/p>\n\n\n\n<hr class=\"wp-block-separator has-alpha-channel-opacity\"\/>\n\n\n\n<p><strong>Uz\u0146em\u0161ana 7.klas\u0113<\/strong><\/p>\n\n\n\n<p>Siguldas pils\u0113tas vidusskola skol\u0113nus <strong>7. klas\u0113 uz\u0146em no 2.j\u016bnija<\/strong> (l\u012bdz ir klas\u0113s br\u012bvas vietas). 2025.\/2026.m.g. tiks atv\u0113rtas tr\u012bs 7.klases, kur\u0101s pied\u0101v\u0101sim m\u0101c\u012bbu virzienus, kur papildu pamatizigl\u012bt\u012bbas programmas apguvei katr\u0101 klas\u0113 pied\u0101v\u0101sim virzienam atbilsto\u0161u fakultat\u012bvu.<\/p>\n\n\n\n<ul class=\"wp-block-list\">\n<li><strong>Tehnolo\u0123iju klase ar papildu stundu programm\u0113\u0161an\u0101.<\/strong><br>\u0160aj\u0101 m\u0101c\u012bbu virzien\u0101 skol\u0113ni ieg\u016bst pamatzin\u0101\u0161anas programm\u0113\u0161an\u0101 un robotik\u0101, k\u0101 ar\u012b apg\u016bst algoritmisko dom\u0101\u0161anu, lo\u0123iku un struktur\u0113\u0161anas prasmes. Tiek str\u0101d\u0101ts ar da\u017e\u0101d\u0101m programm\u0113\u0161anas valod\u0101m, vizu\u0101laj\u0101m un tekstu\u0101laj\u0101m programm\u0113\u0161anas vid\u0113m, k\u0101 ar\u012b ar robotikas komplektiem, kas \u013cauj teor\u0113tisk\u0101s zin\u0101\u0161anas pielietot praks\u0113.<\/li>\n\n\n\n<li><strong>Kult\u016bras un m\u0101kslas klase ar papildu stundu kult\u016bras mened\u017ement\u0101.<br><\/strong>\u0160aj\u0101 m\u0101c\u012bbu virzien\u0101 skol\u0113ni att\u012bsta rado\u0161umu, est\u0113tisko dom\u0101\u0161anu un pas\u0101kumu organiz\u0113\u0161anas prasmes. Nodarb\u012bb\u0101s tiek iepaz\u012bta kult\u016bras daudzveid\u012bba, m\u016bzika, te\u0101tris un citas rado\u0161\u0101s izpausmes formas. Skol\u0113ni piedal\u0101s kult\u016bras projektu pl\u0101no\u0161an\u0101 un \u012bsteno\u0161an\u0101, organiz\u0113 skolas pas\u0101kumus un apg\u016bst komunik\u0101cijas, sadarb\u012bbas un publisk\u0101s uzst\u0101\u0161an\u0101s iema\u0146as.<\/li>\n\n\n\n<li><strong>Uz\u0146\u0113m\u0113jdarb\u012bbas klase ar papildu stundu skol\u0113nu m\u0101c\u012bbu uz\u0146\u0113muma izveid\u0113.<br><\/strong>\u0160aj\u0101 m\u0101c\u012bbu virzien\u0101 skol\u0113ni apg\u016bst uz\u0146\u0113m\u0113jdarb\u012bbas pamatus, izveido un vada savu m\u0101c\u012bbu uz\u0146\u0113mumu, praktiski izm\u0113\u0123inot biznesa ideju \u012bsteno\u0161anu. Nodarb\u012bb\u0101s att\u012bst\u0101s ne tikai ekonomisk\u0101s zin\u0101\u0161anas, bet ar\u012b rado\u0161a dom\u0101\u0161ana, komandas darbs un l\u012bder\u012bbas prasmes. Skol\u0113ni ieg\u016bst v\u0113rt\u012bgu pieredzi, sadarbojoties ar viet\u0113jiem uz\u0146\u0113m\u0113jiem un piedaloties re\u0101los tirgus procesos.&nbsp;<\/li>\n<\/ul>\n\n\n\n<p><strong><u>Uz\u0146em\u0161anas k\u0101rt\u012bba:<\/u><\/strong><\/p>\n\n\n\n<ul class=\"wp-block-list\">\n<li>Siguldas pils\u0113tas vidusskolas skol\u0113ni, kuri pabeidz 6.klasi, \u0161aj\u0101 skol\u0101 turpina pamatizgl\u012bt\u012bbu 7.klas\u0113 un nek\u0101di dokumenti no jauna nav j\u0101iesniedz, bet aicin\u0101m aizpild\u012bt motiv\u0101cijas anketu, kas pieejama <a href=\"https:\/\/forms.office.com\/e\/ZqFsD3k4F3\">\u0160EIT<\/a>.<\/li>\n\n\n\n<li>Citu skolu skol\u0113ni, kuri v\u0113las uzs\u0101kt m\u0101c\u012bbas Siguldas pils\u0113tas vidusskolas 7.klas\u0113, s\u0101kot no 2.j\u016bnija aizpilda elektronisku <strong>motiv\u0101cijas anketu, kas pieejama <\/strong><a href=\"https:\/\/forms.office.com\/e\/ZqFsD3k4F3\"><strong>\u0160EIT<\/strong><\/a><strong>,<\/strong> <strong>raksta iesniegumu<\/strong> <em><a href=\"https:\/\/siguldaspv.edu.lv\/wp-content\/uploads\/2025\/05\/iesniegums-25_26-pamtizgl.docx\">(iesniegums uz\u0146em\u0161anai no 2. l\u012bdz 9.klasei)<\/a><\/em> un <strong>kop\u0101 ar liec\u012bbas kopiju<\/strong> iesniedz administr\u0101cij\u0101 darba dien\u0101s no plkst. 9.00 l\u012bdz 14.00.<\/li>\n<\/ul>\n\n\n\n<p>Inform\u0101cija par kla\u0161u sast\u0101vu un klases audzin\u0101t\u0101jiem b\u016bs p\u0113c 18.augusta.<\/p>\n\n\n\n<hr class=\"wp-block-separator has-alpha-channel-opacity\"\/>\n\n\n\n<p><strong>Uz\u0146em\u0161ana vidusskol\u0101 (10.-12.klas\u0113)<\/strong><\/p>\n\n\n\n<p>11. \u2013 12. klas\u0113 un m\u0101c\u012bbu gada laik\u0101 skol\u0113nus var uz\u0146emt visp\u0101r\u012bg\u0101 k\u0101rt\u012bb\u0101, atbilsto\u0161i saisto\u0161ajiem noteikumiem. <a href=\"https:\/\/siguldaspv.edu.lv\/wp-content\/uploads\/2025\/05\/vsk-iesniegums-25_26.docx\"><strong>Iesniegums uz\u0146em\u0161anai 10.-12. klas\u0113 visp\u0101r\u012bg\u0101 k\u0101rt\u012bb\u0101<\/strong><\/a><\/p>\n\n\n\n<p><strong>Dokumentu iesnieg\u0161ana m\u0101c\u012bb\u0101m Siguldas pils\u0113tas vidusskolas 10. klas\u0113 no 30.j\u016bnija l\u012bdz 3.j\u016blijam <\/strong>darba dien\u0101s no plkst. 9 00 l\u012bdz 13 00. Papildu inform\u0101cija par vidusskol\u0101 10.klas\u0113s&nbsp;pied\u0101v\u0101tajiem <a href=\"https:\/\/siguldaspv.edu.lv\/?page_id=1167\">virzieniem un m\u0101c\u012bbu iesp\u0113j\u0101m.<\/a><\/p>\n\n\n\n<p><a href=\"https:\/\/siguldaspv.edu.lv\/wp-content\/uploads\/2025\/06\/Programmas-10_klasee.pdf\">Izgl\u012bt\u012bbas programmas 10.klas\u0113m.<\/a><\/p>\n\n\n\n<p>Skol\u0113nus, kuri tiku\u0161i Siguldas pils\u0113tas vidusskol\u0101 l\u012bdz 18.augustam aicin\u0101m aizpild\u012bt motiv\u0101cijas anketu, kura pieejama <a href=\"https:\/\/forms.office.com\/Pages\/ResponsePage.aspx?id=4hBxmiK0ekGV8H4-d7BCZHdh1riXDeFHn69AjZS8TitUQVYwWDEzSzBMUUUyQzVYVlBDME83STZJVS4u\">\u0160EIT<\/a><br>L\u016bdzam inform\u0113t skolu, ja J\u016bsu b\u0113rns turpm\u0101k nem\u0101c\u012bsies Siguldas pils\u0113tas vidusskol\u0101, bet turpin\u0101s izgl\u012bt\u012bbu cit\u0101 izgl\u012bt\u012bbas iest\u0101d\u0113.<br>L\u016bdzam zi\u0146ot l\u012bdz 2025. gada 18. augustam.<br>Inform\u0101ciju var nodot:<br>\u2013 pa t\u0101lruni: +371 67972419<br>\u2013 e-past\u0101: spv@sigulda.lv<\/p>\n\n\n\n<p><\/p>\n\n\n\n<p>Uz\u0146em\u0161anas k\u0101rt\u012bba:<\/p>\n\n\n\n<p>no <strong>30.j\u016bnija l\u012bdz 3.j\u016blijam dokumentu iesnieg\u0161ana<\/strong>:<\/p>\n\n\n\n<p><\/p>\n\n\n\n<ul class=\"wp-block-list\">\n<li>atest\u0101ts par pamatizgl\u012bt\u012bbu; <\/li>\n<\/ul>\n\n\n<ul>\n<li>CE sertifik\u0101tu kopijas;<\/li>\n<\/ul>\n<ul>\n<li>medic\u012bnisk\u0101 karte (veidlapa 26\/u).<\/li>\n<\/ul>\n\n\n<p>uz\u0146em\u0161anas pirm\u0101s k\u0101rtas <strong>rezult\u0101ti b\u016bs pieejami skolas m\u0101jas lap\u0101 no 4.j\u016blija plkst.12.00<\/strong>;<\/p>\n\n\n\n<p>2025.\/2026.m.g. <strong>tiks atv\u0113rtas tr\u012bs 10.klases<\/strong>, uz\u0146emot skol\u0113nus atbilsto\u0161i augst\u0101kajam vid\u0113jam v\u0113rt\u0113jumam sekmju izrakst\u0101, l\u012bdz klases tiek piepild\u012btas. Ja klases neb\u016bs piepild\u012btas, august\u0101 tiks izsludin\u0101ta papildu uz\u0146em\u0161ana.<\/p>\n\n\n\n<p>uz\u0146emtos skol\u0113nus aicin\u0101sim aizpild\u012bt <strong>elektronisku motiv\u0101cijas anketu<\/strong>, lai var\u0113tu pal\u012bdz\u0113t izv\u0113l\u0113ties atbilsto\u0161\u0101ko m\u0101c\u012bbu virzienu. Anketa b\u016bs pieejama skolas m\u0101jas lap\u0101 no 4.j\u016blija plkst. 12.00.<\/p>\n\n\n\n<p><strong>Tik\u0161an\u0101s ar 10, kla\u0161u skol\u0113niem notiks 22. august\u0101 plkst. 11 00.<\/strong><\/p>\n\n\n\n<p><\/p>\n","protected":false},"excerpt":{"rendered":"<p>Tik\u0161an\u0101s ar topo\u0161o pirmklasnieku vec\u0101kiem notiks 4. febru\u0101r\u012b plkst.18 00 skolas Svin\u012bbu z\u0101l\u0113. Siguldas pils\u0113tas vidusskol\u0101 skol\u0113nus uz\u0146em saska\u0146\u0101 ar Siguldas novada pa\u0161vald\u012bbas saisto\u0161ajiem noteikumiem &#8220;Par k\u0101rt\u012bbu, k\u0101d\u0101 b\u0113rnus re\u0123istr\u0113 un uz\u0146em Siguldas pils\u0113tas visp\u0101r\u0113j\u0101s izgl\u012bt\u012bbas iest\u0101\u017eu pamatizgl\u012bt\u012bbas programm\u0101s&#8221; (pieejams \u0161eit) Iesniegums uz\u0146em\u0161anai pirmaj\u0101 klas\u0113Iesniegums uz\u0146em\u0161anai pirmaj\u0101 klas\u0113 (elektroniskai aizpild\u012b\u0161anai) Uz\u0146em\u0161ana no 2. l\u012bdz 9. &#8230; <a title=\"Uz\u0146em\u0161ana\" class=\"read-more\" href=\"https:\/\/siguldaspv.edu.lv\/?page_id=23\" aria-label=\"Read more about Uz\u0146em\u0161ana\">Las\u012bt t\u0101l\u0101k<\/a><\/p>\n","protected":false},"author":1,"featured_media":0,"parent":0,"menu_order":0,"comment_status":"closed","ping_status":"closed","template":"","meta":{"inline_featured_image":false,"footnotes":""},"class_list":["post-23","page","type-page","status-publish"],"_links":{"self":[{"href":"https:\/\/siguldaspv.edu.lv\/index.php?rest_route=\/wp\/v2\/pages\/23","targetHints":{"allow":["GET"]}}],"collection":[{"href":"https:\/\/siguldaspv.edu.lv\/index.php?rest_route=\/wp\/v2\/pages"}],"about":[{"href":"https:\/\/siguldaspv.edu.lv\/index.php?rest_route=\/wp\/v2\/types\/page"}],"author":[{"embeddable":true,"href":"https:\/\/siguldaspv.edu.lv\/index.php?rest_route=\/wp\/v2\/users\/1"}],"replies":[{"embeddable":true,"href":"https:\/\/siguldaspv.edu.lv\/index.php?rest_route=%2Fwp%2Fv2%2Fcomments&post=23"}],"version-history":[{"count":70,"href":"https:\/\/siguldaspv.edu.lv\/index.php?rest_route=\/wp\/v2\/pages\/23\/revisions"}],"predecessor-version":[{"id":1296,"href":"https:\/\/siguldaspv.edu.lv\/index.php?rest_route=\/wp\/v2\/pages\/23\/revisions\/1296"}],"wp:attachment":[{"href":"https:\/\/siguldaspv.edu.lv\/index.php?rest_route=%2Fwp%2Fv2%2Fmedia&parent=23"}],"curies":[{"name":"wp","href":"https:\/\/api.w.org\/{rel}","templated":true}]}}