{"id":21,"date":"2022-01-17T06:54:20","date_gmt":"2022-01-17T06:54:20","guid":{"rendered":"http:\/\/siguldaspv.lv\/wp1\/?page_id=21"},"modified":"2026-03-30T10:57:41","modified_gmt":"2026-03-30T07:57:41","slug":"vecakiem","status":"publish","type":"page","link":"https:\/\/siguldaspv.edu.lv\/?page_id=21","title":{"rendered":"Dokumenti"},"content":{"rendered":"\n<h3 class=\"wp-block-heading\">Ar skolas darb\u012bbu saist\u012btie dokumenti:<\/h3>\n\n\n\n<p><a href=\"https:\/\/siguldaspv.edu.lv\/wp-content\/uploads\/2022\/01\/Siguldas_pilsetas_vidusskolas_nolikums_21.pdf\" target=\"_blank\" rel=\"noreferrer noopener\">Siguldas pils\u0113tas vidusskolas nolikums<\/a><\/p>\n\n\n\n<p><a href=\"https:\/\/siguldaspv.edu.lv\/wp-content\/uploads\/2022\/06\/Siguldas_pilsetas_vidusskolas_AEK_zinojums.pdf\">Akredit\u0101cijas zi\u0146ojums<\/a><\/p>\n\n\n\n<p><a href=\"https:\/\/siguldaspv.edu.lv\/wp-content\/uploads\/2025\/10\/SPV_pasnovertejuma_zinojums_par_2024_25.pdf\">Pa\u0161nov\u0113rt\u0113juma zi\u0146ojums 2025.gads<\/a><\/p>\n\n\n\n<p><a href=\"https:\/\/siguldaspv.edu.lv\/wp-content\/uploads\/2024\/11\/SPV-pasnovertejuma-zinojums-par-2023_24.pdf\" target=\"_blank\" rel=\"noreferrer noopener\">Pa\u0161nov\u0113rt\u0113juma zi\u0146ojums 2024.gads<\/a><\/p>\n\n\n\n<p><a href=\"https:\/\/siguldaspv.edu.lv\/wp-content\/uploads\/2024\/12\/SPV_org_struktura24.pdf\">Siguldas pils\u0113tas vidusskolas organizatorisk\u0101 strukt\u016bra<\/a><\/p>\n\n\n\n<p><a href=\"https:\/\/siguldaspv.edu.lv\/wp-content\/uploads\/2022\/02\/SPV_skolas_padomes_reglaments.pdf\" target=\"_blank\" rel=\"noreferrer noopener\">Skolas padomes reglaments<\/a><\/p>\n\n\n\n<p><a href=\"https:\/\/siguldaspv.edu.lv\/wp-content\/uploads\/2022\/02\/SPV_Merki_rez_raditaji.pdf\" target=\"_blank\" rel=\"noreferrer noopener\">Skolas m\u0113r\u0137i un strat\u0113\u0123iskie r\u0101d\u012bt\u0101ji<\/a><\/p>\n\n\n\n<p><a href=\"https:\/\/siguldaspv.edu.lv\/wp-content\/uploads\/2022\/09\/etikas_kodekss.pdf\" target=\"_blank\" rel=\"noreferrer noopener\">Skolas \u0113tikas kodekss<\/a><\/p>\n\n\n\n<hr class=\"wp-block-separator has-alpha-channel-opacity\"\/>\n\n\n\n<h3 class=\"wp-block-heading\" id=\"ar-macibu-procesu-un-ta-organizesanu-saistitie-dokumenti\">Ar m\u0101c\u012bbu procesu un t\u0101 organiz\u0113\u0161anu saist\u012btie dokumenti:<\/h3>\n\n\n\n<p><a href=\"https:\/\/siguldaspv.edu.lv\/wp-content\/uploads\/2026\/01\/Ieksejas-kartibas-noteikumi_SPV-2025-_-GROZIJUMI.pdf\">Siguldas pils\u0113tas vidusskolas iek\u0161\u0113j\u0101s k\u0101rt\u012bbas noteikumi<\/a><\/p>\n\n\n\n<p><a href=\"https:\/\/siguldaspv.edu.lv\/wp-content\/uploads\/2024\/12\/spv_drosibas_noteikumi2024_12.pdf\">Siguldas pils\u0113tas vidusskolas dro\u0161\u012bbas noteikumi<\/a><\/p>\n\n\n\n<p><a href=\"https:\/\/siguldaspv.edu.lv\/wp-content\/uploads\/2024\/11\/SPV_vertesanas_kartiba_2024_1_nov.pdf\" target=\"_blank\" rel=\"noreferrer noopener\">Siguldas pils\u0113tas vidusskolas m\u0101c\u012bbu snieguma v\u0113rt\u0113\u0161anas k\u0101rt\u012bba<\/a><\/p>\n\n\n\n<p><a href=\"https:\/\/siguldaspv.edu.lv\/wp-content\/uploads\/2022\/02\/Tiessaiste_attalinati_reglaments.pdf\" target=\"_blank\" rel=\"noreferrer noopener\">Tie\u0161saistes m\u0101c\u012bbu stundu reglaments<\/a><\/p>\n\n\n\n<p><a href=\"https:\/\/siguldaspv.edu.lv\/wp-content\/uploads\/2022\/02\/SPV_pagarinata_grupa.pdf\" target=\"_blank\" rel=\"noreferrer noopener\">Pagarin\u0101t\u0101s dienas grupas k\u0101rt\u012bba<\/a><\/p>\n\n\n\n<p><a href=\"https:\/\/siguldaspv.edu.lv\/wp-content\/uploads\/2026\/03\/SPV-apbalvojumi-skoleniem_2026mar.pdf\">K\u0101rt\u012bba, k\u0101d\u0101 pie\u0161\u0137ir apbalvojumu Siguldas pils\u0113tas vidusskolas izgl\u012btojamajiem<\/a><\/p>\n\n\n\n<p><a href=\"https:\/\/siguldaspv.edu.lv\/wp-content\/uploads\/2025\/02\/Noteikumi_Portatiiviedatori_2025.pdf\">Portat\u012bv\u0101s datortehnikas lieto\u0161anas noteikumi(projekts)<\/a><\/p>\n\n\n\n<hr class=\"wp-block-separator has-alpha-channel-opacity\"\/>\n\n\n\n<p>Ar audzin\u0101\u0161anas darbu saist\u012btie dokumenti:<\/p>\n\n\n\n<p><a href=\"https:\/\/siguldaspv.edu.lv\/wp-content\/uploads\/2024\/11\/audzinasanas_darba_programma_24_27.pdf\" target=\"_blank\" rel=\"noreferrer noopener\">Audzin\u0101\u0161anas darba programma 2024.-2027.m.g.<\/a><\/p>\n\n\n\n<p><\/p>\n\n\n\n<hr class=\"wp-block-separator has-alpha-channel-opacity\"\/>\n\n\n\n<h3 class=\"wp-block-heading\" id=\"citi-dokumenti-kartibas-un-reglamenti\">Citi dokumenti\/ k\u0101rt\u012bbas un reglamenti:<\/h3>\n\n\n\n<p><a href=\"https:\/\/siguldaspv.edu.lv\/wp-content\/uploads\/2022\/02\/SPV_kartiba_COVID_2021_2022.pdf\" target=\"_blank\" rel=\"noreferrer noopener\">K\u0101rt\u012bba, k\u0101d\u0101 tiek nodro\u0161in\u0101tas COVID-19 infekcijas izplat\u012bbas ierobe\u017eo\u0161anas pras\u012bbas<\/a><\/p>\n\n\n\n<p><a href=\"https:\/\/siguldaspv.edu.lv\/wp-content\/uploads\/2022\/02\/SVESIE_skolaa.pdf\" target=\"_blank\" rel=\"noreferrer noopener\">K\u0101rt\u012bba, k\u0101d\u0101 skolas telp\u0101s uzturas nepiedero\u0161as personas<\/a><\/p>\n\n\n\n<p><a href=\"https:\/\/siguldaspv.edu.lv\/wp-content\/uploads\/2022\/02\/atlauja_par-_foto_video-atjaunots.pdf\" target=\"_blank\" rel=\"noreferrer noopener\">Noteikumi par izgl\u012btojamo fotograf\u0113\u0161anu un film\u0113\u0161anu<\/a><\/p>\n\n\n\n<p><a href=\"https:\/\/siguldaspv.edu.lv\/wp-content\/uploads\/2025\/10\/Iesniegums_celojums.pdf\">Ce\u013cojuma iesniegums<\/a><\/p>\n","protected":false},"excerpt":{"rendered":"<p>Ar skolas darb\u012bbu saist\u012btie dokumenti: Siguldas pils\u0113tas vidusskolas nolikums Akredit\u0101cijas zi\u0146ojums Pa\u0161nov\u0113rt\u0113juma zi\u0146ojums 2025.gads Pa\u0161nov\u0113rt\u0113juma zi\u0146ojums 2024.gads Siguldas pils\u0113tas vidusskolas organizatorisk\u0101 strukt\u016bra Skolas padomes reglaments Skolas m\u0113r\u0137i un strat\u0113\u0123iskie r\u0101d\u012bt\u0101ji Skolas \u0113tikas kodekss Ar m\u0101c\u012bbu procesu un t\u0101 organiz\u0113\u0161anu saist\u012btie dokumenti: Siguldas pils\u0113tas vidusskolas iek\u0161\u0113j\u0101s k\u0101rt\u012bbas noteikumi Siguldas pils\u0113tas vidusskolas dro\u0161\u012bbas noteikumi Siguldas pils\u0113tas vidusskolas &#8230; <a title=\"Dokumenti\" class=\"read-more\" href=\"https:\/\/siguldaspv.edu.lv\/?page_id=21\" aria-label=\"Read more about Dokumenti\">Las\u012bt t\u0101l\u0101k<\/a><\/p>\n","protected":false},"author":1,"featured_media":0,"parent":0,"menu_order":0,"comment_status":"closed","ping_status":"closed","template":"","meta":{"inline_featured_image":false,"footnotes":""},"class_list":["post-21","page","type-page","status-publish"],"_links":{"self":[{"href":"https:\/\/siguldaspv.edu.lv\/index.php?rest_route=\/wp\/v2\/pages\/21","targetHints":{"allow":["GET"]}}],"collection":[{"href":"https:\/\/siguldaspv.edu.lv\/index.php?rest_route=\/wp\/v2\/pages"}],"about":[{"href":"https:\/\/siguldaspv.edu.lv\/index.php?rest_route=\/wp\/v2\/types\/page"}],"author":[{"embeddable":true,"href":"https:\/\/siguldaspv.edu.lv\/index.php?rest_route=\/wp\/v2\/users\/1"}],"replies":[{"embeddable":true,"href":"https:\/\/siguldaspv.edu.lv\/index.php?rest_route=%2Fwp%2Fv2%2Fcomments&post=21"}],"version-history":[{"count":57,"href":"https:\/\/siguldaspv.edu.lv\/index.php?rest_route=\/wp\/v2\/pages\/21\/revisions"}],"predecessor-version":[{"id":1304,"href":"https:\/\/siguldaspv.edu.lv\/index.php?rest_route=\/wp\/v2\/pages\/21\/revisions\/1304"}],"wp:attachment":[{"href":"https:\/\/siguldaspv.edu.lv\/index.php?rest_route=%2Fwp%2Fv2%2Fmedia&parent=21"}],"curies":[{"name":"wp","href":"https:\/\/api.w.org\/{rel}","templated":true}]}}