{"id":171,"date":"2022-02-14T11:46:09","date_gmt":"2022-02-14T09:46:09","guid":{"rendered":"http:\/\/siguldaspv.lv\/wp1\/?page_id=171"},"modified":"2024-09-09T15:27:32","modified_gmt":"2024-09-09T12:27:32","slug":"skolas-administracija","status":"publish","type":"page","link":"https:\/\/siguldaspv.edu.lv\/?page_id=171","title":{"rendered":"Skolas administr\u0101cija"},"content":{"rendered":"\n<figure class=\"wp-block-table\"><table><thead><tr><th class=\"has-text-align-left\" data-align=\"left\">Amats<\/th><th class=\"has-text-align-left\" data-align=\"left\">V\u0101rds uzv\u0101rds<\/th><th class=\"has-text-align-left\" data-align=\"left\">Kontaktinform\u0101cija<\/th><\/tr><\/thead><tbody><tr><td class=\"has-text-align-left\" data-align=\"left\">Direktore<\/td><td class=\"has-text-align-left\" data-align=\"left\">\u0145ina Balode<\/td><td class=\"has-text-align-left\" data-align=\"left\">t\u0101lr.+371 29375640<br>nina.balode@sigulda.lv<\/td><\/tr><tr><td class=\"has-text-align-left\" data-align=\"left\">Direktora vietniece izgl\u012bt\u012bbas jom\u0101 7.-12.kl.<\/td><td class=\"has-text-align-left\" data-align=\"left\">Di\u0101na Judze<\/td><td class=\"has-text-align-left\" data-align=\"left\">t\u0101lr.+371 26499509<br>diana.judze@siguldaspv.edu.lv<\/td><\/tr><tr><td class=\"has-text-align-left\" data-align=\"left\">Direktora vietniece izgl\u012bt\u012bbas jom\u0101. Metodiskais darbs 4.-12.klases.<\/td><td class=\"has-text-align-left\" data-align=\"left\">Linda Bajarune<\/td><td class=\"has-text-align-left\" data-align=\"left\">t\u0101lr. +371 26411617<br>linda.bajarune@siguldaspv.edu.lv<\/td><\/tr><tr><td class=\"has-text-align-left\" data-align=\"left\">Direktora vietniece izgl\u012bt\u012bbas jom\u0101 1.-6.kl.<\/td><td class=\"has-text-align-left\" data-align=\"left\">Ruta Zaharova<\/td><td class=\"has-text-align-left\" data-align=\"left\">t\u0101lr. +371 29297829<br>ruta.zaharova@siguldaspv.edu.lv<\/td><\/tr><tr><td class=\"has-text-align-left\" data-align=\"left\">Direktora vietniece \u0101rpusklases darb\u0101<\/td><td class=\"has-text-align-left\" data-align=\"left\">Vineta \u0160\u0137estere &#8211; Buka<\/td><td class=\"has-text-align-left\" data-align=\"left\">&nbsp;t\u0101lr.+371 26422003<br>vineta.skestere.buka@siguldaspv.lv<\/td><\/tr><tr><td class=\"has-text-align-left\" data-align=\"left\">Direktora vietnieks IT jom\u0101<\/td><td class=\"has-text-align-left\" data-align=\"left\">J\u0101nis Miglinieks<\/td><td class=\"has-text-align-left\" data-align=\"left\">t\u0101lr. +371 26434578<br>jmiglinieks@siguldaspv.lv<\/td><\/tr><tr><td class=\"has-text-align-left\" data-align=\"left\">Direktora vietniece izgl\u012bt\u012bbas jom\u0101<\/td><td class=\"has-text-align-left\" data-align=\"left\">Inta Ozoli\u0146a<\/td><td class=\"has-text-align-left\" data-align=\"left\">inta.ozolina@siguldaspv.lv<\/td><\/tr><tr><td class=\"has-text-align-left\" data-align=\"left\">Direktora vietnieks saimniec\u012bbas jaut\u0101jumos<\/td><td class=\"has-text-align-left\" data-align=\"left\">K\u0101rlis R\u012bters<\/td><td class=\"has-text-align-left\" data-align=\"left\">t\u0101lr. +371 26106355 karlis.riters@siguldaspv.edu.lv<\/td><\/tr><\/tbody><\/table><\/figure>\n","protected":false},"excerpt":{"rendered":"<p>Amats V\u0101rds uzv\u0101rds Kontaktinform\u0101cija Direktore \u0145ina Balode t\u0101lr.+371 29375640nina.balode@sigulda.lv Direktora vietniece izgl\u012bt\u012bbas jom\u0101 7.-12.kl. Di\u0101na Judze t\u0101lr.+371 26499509diana.judze@siguldaspv.edu.lv Direktora vietniece izgl\u012bt\u012bbas jom\u0101. Metodiskais darbs 4.-12.klases. Linda Bajarune t\u0101lr. +371 26411617linda.bajarune@siguldaspv.edu.lv Direktora vietniece izgl\u012bt\u012bbas jom\u0101 1.-6.kl. Ruta Zaharova t\u0101lr. +371 29297829ruta.zaharova@siguldaspv.edu.lv Direktora vietniece \u0101rpusklases darb\u0101 Vineta \u0160\u0137estere &#8211; Buka &nbsp;t\u0101lr.+371 26422003vineta.skestere.buka@siguldaspv.lv Direktora vietnieks IT jom\u0101 J\u0101nis &#8230; <a title=\"Skolas administr\u0101cija\" class=\"read-more\" href=\"https:\/\/siguldaspv.edu.lv\/?page_id=171\" aria-label=\"Read more about Skolas administr\u0101cija\">Las\u012bt t\u0101l\u0101k<\/a><\/p>\n","protected":false},"author":1,"featured_media":0,"parent":0,"menu_order":0,"comment_status":"closed","ping_status":"closed","template":"","meta":{"inline_featured_image":false,"footnotes":""},"class_list":["post-171","page","type-page","status-publish"],"_links":{"self":[{"href":"https:\/\/siguldaspv.edu.lv\/index.php?rest_route=\/wp\/v2\/pages\/171","targetHints":{"allow":["GET"]}}],"collection":[{"href":"https:\/\/siguldaspv.edu.lv\/index.php?rest_route=\/wp\/v2\/pages"}],"about":[{"href":"https:\/\/siguldaspv.edu.lv\/index.php?rest_route=\/wp\/v2\/types\/page"}],"author":[{"embeddable":true,"href":"https:\/\/siguldaspv.edu.lv\/index.php?rest_route=\/wp\/v2\/users\/1"}],"replies":[{"embeddable":true,"href":"https:\/\/siguldaspv.edu.lv\/index.php?rest_route=%2Fwp%2Fv2%2Fcomments&post=171"}],"version-history":[{"count":10,"href":"https:\/\/siguldaspv.edu.lv\/index.php?rest_route=\/wp\/v2\/pages\/171\/revisions"}],"predecessor-version":[{"id":969,"href":"https:\/\/siguldaspv.edu.lv\/index.php?rest_route=\/wp\/v2\/pages\/171\/revisions\/969"}],"wp:attachment":[{"href":"https:\/\/siguldaspv.edu.lv\/index.php?rest_route=%2Fwp%2Fv2%2Fmedia&parent=171"}],"curies":[{"name":"wp","href":"https:\/\/api.w.org\/{rel}","templated":true}]}}