{"id":1247,"date":"2025-11-21T10:38:47","date_gmt":"2025-11-21T08:38:47","guid":{"rendered":"https:\/\/siguldaspv.edu.lv\/?page_id=1247"},"modified":"2025-11-21T10:38:47","modified_gmt":"2025-11-21T08:38:47","slug":"kiva-antibulinga-programma","status":"publish","type":"page","link":"https:\/\/siguldaspv.edu.lv\/?page_id=1247","title":{"rendered":"KiVa \u2013 antibulinga programma"},"content":{"rendered":"\n<p>Kop\u0161 2023.\/2024. m\u0101c\u012bbu gada Siguldas pils\u0113tas vidusskola ir KiVa programmas skola. Programmas pirmaj\u0101 ievie\u0161anas gad\u0101 vis\u0101s klas\u0113s &#8211; no 1.-9.klasei tika \u012bstenotas KiVa nodarb\u012bbas, k\u0101 programmas profilakses da\u013ca, veicinot skol\u0113nu izpratni par bulingu un stiprinot prasmes to nepie\u013caut, veidojot cie\u0146pilnas un draudz\u012bgas attiec\u012bbas ar skolas biedriem. Turpm\u0101kajos programmas ievie\u0161anas gados KiVa nodarb\u012bbu cikls tiek \u012bstenots 1.,4. un 7.klas\u0113s, ta\u010du jebkuras klases audzin\u0101t\u0101js tiek aicin\u0101ts \u012bstenot jebkuru &nbsp;KiVa nodarb\u012bbu atbilsto\u0161i konkr\u0113t\u0101s klases vajadz\u012bb\u0101m.<\/p>\n\n\n\n<p>Skol\u0101 ir izveidota KiVa komanda, kuras m\u0113r\u0137is ir risin\u0101t aktu\u0101los bulinga gad\u012bjumus. Katru gadu skolas KiVa komandai izdodas atrisin\u0101t&nbsp;vair\u0101kus&nbsp;bulinga gad\u012bjumus par kuriem ir sa\u0146emta inform\u0101cija, ta\u010du arvien ir gad\u012bjumi, kas notiek sl\u0113pti un neman\u0101mi, t\u0101p\u0113c ir \u0101rk\u0101rt\u012bgi svar\u012bgi, ka gan b\u0113rni pa\u0161i, gan vec\u0101ki inform\u0113 KiVa komandu (rakstot e-klas\u0113 adres\u0101tu grupai KiVa komanda), ja ir inform\u0101cija un aizdomas par bulingu &#8211; ilgsto\u0161iem, m\u0113r\u0137tiec\u012bgiem p\u0101ridar\u012bjumiem.<\/p>\n\n\n\n<p>Ik gadu skol\u0101 notiek programmas aktualiz\u0113\u0161anas pas\u0101kums, kura ietvaros skol\u0113ni tiek aicin\u0101ti simbolisk\u0101 veid\u0101 parakst\u012bties par 365 dien\u0101m bez p\u0101ridar\u012bjumiem, k\u0101 ar\u012b tiek \u012bstenotas da\u017e\u0101das citas aktivit\u0101tes, kuru m\u0113r\u0137is ir atg\u0101din\u0101t par KiVa programmas v\u0113rt\u012bb\u0101m.<\/p>\n\n\n\n<p>\u201cKiVa\u201d &nbsp;ir Turku Universit\u0101t\u0113 (Somija) izstr\u0101d\u0101ta, p\u0113t\u012bjumos un pier\u0101d\u012bjumos balst\u012bta programma vardarb\u012bbas mazin\u0101\u0161anai vienaud\u017eu vid\u016b, kas balst\u0101s vair\u0101ku desmitga\u017eu garos p\u0113t\u012bjumos par bulingu un t\u0101 meh\u0101nismiem. Pied\u0101v\u0101jot vienotu r\u012bc\u012bbas pl\u0101nu, lai mazin\u0101tu un nov\u0113rstu p\u0101ridar\u012bjumu izplat\u012bbu, Valsts kanceleja sadarb\u012bb\u0101 ar organiz\u0101ciju \u201duzvediba.lv\u201d,&nbsp; R\u012bgas Stradi\u0146a universit\u0101ti un Latvijas Universit\u0101ti uzs\u0101k programmas \u201cKiVa\u201d ievie\u0161anu Latvijas skol\u0101s. \u201cKiVa\u201d ir starptautiska profilakses programma vienaud\u017eu p\u0101ridar\u012bjumu izplat\u012bbas mazin\u0101\u0161anai, kas veiksm\u012bgi tiek \u012bstenota vair\u0101k nek\u0101 20 valst\u012bs.<\/p>\n\n\n\n<figure class=\"wp-block-gallery has-nested-images columns-default is-cropped wp-block-gallery-1 is-layout-flex wp-block-gallery-is-layout-flex\">\n<figure class=\"wp-block-image size-large\"><img loading=\"lazy\" decoding=\"async\" width=\"845\" height=\"1024\" data-id=\"1248\" src=\"https:\/\/siguldaspv.edu.lv\/wp-content\/uploads\/2025\/11\/579385942_1315372857058740_8210441646915951671_n-845x1024.jpg\" alt=\"\" class=\"wp-image-1248\" srcset=\"https:\/\/siguldaspv.edu.lv\/wp-content\/uploads\/2025\/11\/579385942_1315372857058740_8210441646915951671_n-845x1024.jpg 845w, https:\/\/siguldaspv.edu.lv\/wp-content\/uploads\/2025\/11\/579385942_1315372857058740_8210441646915951671_n-248x300.jpg 248w, https:\/\/siguldaspv.edu.lv\/wp-content\/uploads\/2025\/11\/579385942_1315372857058740_8210441646915951671_n-768x931.jpg 768w, https:\/\/siguldaspv.edu.lv\/wp-content\/uploads\/2025\/11\/579385942_1315372857058740_8210441646915951671_n-1267x1536.jpg 1267w, https:\/\/siguldaspv.edu.lv\/wp-content\/uploads\/2025\/11\/579385942_1315372857058740_8210441646915951671_n.jpg 1320w\" sizes=\"auto, (max-width: 845px) 100vw, 845px\" \/><\/figure>\n\n\n\n<figure class=\"wp-block-image size-large\"><img loading=\"lazy\" decoding=\"async\" width=\"1024\" height=\"866\" data-id=\"1249\" src=\"https:\/\/siguldaspv.edu.lv\/wp-content\/uploads\/2025\/11\/484095384_1120641016531926_8329575847866642454_n-1024x866.jpg\" alt=\"\" class=\"wp-image-1249\" srcset=\"https:\/\/siguldaspv.edu.lv\/wp-content\/uploads\/2025\/11\/484095384_1120641016531926_8329575847866642454_n-1024x866.jpg 1024w, https:\/\/siguldaspv.edu.lv\/wp-content\/uploads\/2025\/11\/484095384_1120641016531926_8329575847866642454_n-300x254.jpg 300w, https:\/\/siguldaspv.edu.lv\/wp-content\/uploads\/2025\/11\/484095384_1120641016531926_8329575847866642454_n-768x650.jpg 768w, https:\/\/siguldaspv.edu.lv\/wp-content\/uploads\/2025\/11\/484095384_1120641016531926_8329575847866642454_n.jpg 1500w\" sizes=\"auto, (max-width: 1024px) 100vw, 1024px\" \/><\/figure>\n\n\n\n<figure class=\"wp-block-image size-large\"><img loading=\"lazy\" decoding=\"async\" width=\"1024\" height=\"768\" data-id=\"1251\" src=\"https:\/\/siguldaspv.edu.lv\/wp-content\/uploads\/2025\/11\/483727905_1120640833198611_6696066986209481634_n-1024x768.jpg\" alt=\"\" class=\"wp-image-1251\" srcset=\"https:\/\/siguldaspv.edu.lv\/wp-content\/uploads\/2025\/11\/483727905_1120640833198611_6696066986209481634_n-1024x768.jpg 1024w, https:\/\/siguldaspv.edu.lv\/wp-content\/uploads\/2025\/11\/483727905_1120640833198611_6696066986209481634_n-300x225.jpg 300w, https:\/\/siguldaspv.edu.lv\/wp-content\/uploads\/2025\/11\/483727905_1120640833198611_6696066986209481634_n-768x576.jpg 768w, https:\/\/siguldaspv.edu.lv\/wp-content\/uploads\/2025\/11\/483727905_1120640833198611_6696066986209481634_n-1536x1152.jpg 1536w, https:\/\/siguldaspv.edu.lv\/wp-content\/uploads\/2025\/11\/483727905_1120640833198611_6696066986209481634_n.jpg 2000w\" sizes=\"auto, (max-width: 1024px) 100vw, 1024px\" \/><\/figure>\n\n\n\n<figure class=\"wp-block-image size-large\"><img loading=\"lazy\" decoding=\"async\" width=\"1024\" height=\"768\" data-id=\"1250\" src=\"https:\/\/siguldaspv.edu.lv\/wp-content\/uploads\/2025\/11\/482272330_1120640909865270_27821689661266384_n-1024x768.jpg\" alt=\"\" class=\"wp-image-1250\" srcset=\"https:\/\/siguldaspv.edu.lv\/wp-content\/uploads\/2025\/11\/482272330_1120640909865270_27821689661266384_n-1024x768.jpg 1024w, https:\/\/siguldaspv.edu.lv\/wp-content\/uploads\/2025\/11\/482272330_1120640909865270_27821689661266384_n-300x225.jpg 300w, https:\/\/siguldaspv.edu.lv\/wp-content\/uploads\/2025\/11\/482272330_1120640909865270_27821689661266384_n-768x576.jpg 768w, https:\/\/siguldaspv.edu.lv\/wp-content\/uploads\/2025\/11\/482272330_1120640909865270_27821689661266384_n-1536x1152.jpg 1536w, https:\/\/siguldaspv.edu.lv\/wp-content\/uploads\/2025\/11\/482272330_1120640909865270_27821689661266384_n.jpg 1600w\" sizes=\"auto, (max-width: 1024px) 100vw, 1024px\" \/><\/figure>\n\n\n\n<figure class=\"wp-block-image size-large\"><img loading=\"lazy\" decoding=\"async\" width=\"1024\" height=\"768\" data-id=\"1252\" src=\"https:\/\/siguldaspv.edu.lv\/wp-content\/uploads\/2025\/11\/480670376_1108874771041884_6828954487157197569_n-1024x768.jpg\" alt=\"\" class=\"wp-image-1252\" srcset=\"https:\/\/siguldaspv.edu.lv\/wp-content\/uploads\/2025\/11\/480670376_1108874771041884_6828954487157197569_n-1024x768.jpg 1024w, https:\/\/siguldaspv.edu.lv\/wp-content\/uploads\/2025\/11\/480670376_1108874771041884_6828954487157197569_n-300x225.jpg 300w, https:\/\/siguldaspv.edu.lv\/wp-content\/uploads\/2025\/11\/480670376_1108874771041884_6828954487157197569_n-768x576.jpg 768w, https:\/\/siguldaspv.edu.lv\/wp-content\/uploads\/2025\/11\/480670376_1108874771041884_6828954487157197569_n-1536x1152.jpg 1536w, https:\/\/siguldaspv.edu.lv\/wp-content\/uploads\/2025\/11\/480670376_1108874771041884_6828954487157197569_n.jpg 1600w\" sizes=\"auto, (max-width: 1024px) 100vw, 1024px\" \/><\/figure>\n<\/figure>\n\n\n\n<p><\/p>\n","protected":false},"excerpt":{"rendered":"<p>Kop\u0161 2023.\/2024. m\u0101c\u012bbu gada Siguldas pils\u0113tas vidusskola ir KiVa programmas skola. Programmas pirmaj\u0101 ievie\u0161anas gad\u0101 vis\u0101s klas\u0113s &#8211; no 1.-9.klasei tika \u012bstenotas KiVa nodarb\u012bbas, k\u0101 programmas profilakses da\u013ca, veicinot skol\u0113nu izpratni par bulingu un stiprinot prasmes to nepie\u013caut, veidojot cie\u0146pilnas un draudz\u012bgas attiec\u012bbas ar skolas biedriem. Turpm\u0101kajos programmas ievie\u0161anas gados KiVa nodarb\u012bbu cikls tiek \u012bstenots &#8230; <a title=\"KiVa \u2013 antibulinga programma\" class=\"read-more\" href=\"https:\/\/siguldaspv.edu.lv\/?page_id=1247\" aria-label=\"Read more about KiVa \u2013 antibulinga programma\">Las\u012bt t\u0101l\u0101k<\/a><\/p>\n","protected":false},"author":1,"featured_media":0,"parent":0,"menu_order":0,"comment_status":"closed","ping_status":"closed","template":"","meta":{"inline_featured_image":false,"footnotes":""},"class_list":["post-1247","page","type-page","status-publish"],"_links":{"self":[{"href":"https:\/\/siguldaspv.edu.lv\/index.php?rest_route=\/wp\/v2\/pages\/1247","targetHints":{"allow":["GET"]}}],"collection":[{"href":"https:\/\/siguldaspv.edu.lv\/index.php?rest_route=\/wp\/v2\/pages"}],"about":[{"href":"https:\/\/siguldaspv.edu.lv\/index.php?rest_route=\/wp\/v2\/types\/page"}],"author":[{"embeddable":true,"href":"https:\/\/siguldaspv.edu.lv\/index.php?rest_route=\/wp\/v2\/users\/1"}],"replies":[{"embeddable":true,"href":"https:\/\/siguldaspv.edu.lv\/index.php?rest_route=%2Fwp%2Fv2%2Fcomments&post=1247"}],"version-history":[{"count":1,"href":"https:\/\/siguldaspv.edu.lv\/index.php?rest_route=\/wp\/v2\/pages\/1247\/revisions"}],"predecessor-version":[{"id":1253,"href":"https:\/\/siguldaspv.edu.lv\/index.php?rest_route=\/wp\/v2\/pages\/1247\/revisions\/1253"}],"wp:attachment":[{"href":"https:\/\/siguldaspv.edu.lv\/index.php?rest_route=%2Fwp%2Fv2%2Fmedia&parent=1247"}],"curies":[{"name":"wp","href":"https:\/\/api.w.org\/{rel}","templated":true}]}}