{"id":1112,"date":"2025-02-19T15:36:24","date_gmt":"2025-02-19T13:36:24","guid":{"rendered":"https:\/\/siguldaspv.edu.lv\/?page_id=1112"},"modified":"2025-02-25T08:14:00","modified_gmt":"2025-02-25T06:14:00","slug":"skolenu-projektu-darbi","status":"publish","type":"page","link":"https:\/\/siguldaspv.edu.lv\/?page_id=1112","title":{"rendered":"Skol\u0113nu projektu darbi"},"content":{"rendered":"\n<p>Projekts \u201cSiguldas pastkarte\u201d<\/p>\n\n\n\n<p>Siguldas pils\u0113tas vidusskolas 5. c klases skol\u0113ni 2024.\/2025. m\u0101c\u012bbu gada projektu dienu ietvaros \u012bstenoja projektu \u201cSiguldas pastkarte\u201d.<\/p>\n\n\n\n<p>Projekta m\u0113r\u0137is bija iepaz\u012bt Siguldas un t\u0101s apk\u0101rtnes iev\u0113rojam\u0101k\u0101s vietas, apskates objektus un izveidot savu ori\u0123in\u0101lo pastkarti, kas rosin\u0101tu ar\u012b citus apmekl\u0113t \u0161\u012bs vietas.<\/p>\n\n\n\n<p>Projekta ietvaros skol\u0113ni dev\u0101s uz Turaidas muzejrezerv\u0101ta kr\u0101jumu, kur glab\u0101jas bag\u0101t\u012bga Siguldas pastkar\u0161u kolekcija. Muzejrezerv\u0101ta galven\u0101 speci\u0101lista Egila Jeme\u013cjanova lekcij\u0101 skol\u0113ni uzzin\u0101ja par pastkar\u0161u v\u0113sturi, to vizu\u0101l\u0101 noform\u0113juma att\u012bst\u012bbu un pastkart\u0113m k\u0101 sava laika v\u0113sturisku liec\u012bbu. Muzejrezerv\u0101t\u0101 tapa jau pirm\u0101s skol\u0113nu veidot\u0101s skices savai pastkartei. \u0160\u012b 5.c klases projekta aktivit\u0101te tika \u012bstenota Eiropas komisijas atbalst\u012bta Turaidas muzejrezerv\u0101ta projekta \u201cEiropas kult\u016bras mantojums Turaid\u0101 \u2013 kl\u0101teso\u0161i Turaid\u0101\u201d ietvaros. Piecus lab\u0101kos skol\u0113nu rad\u012btos darbus muzejrezerv\u0101ts pl\u0101no izdot k\u0101 pastkartes.<\/p>\n\n\n\n<p>P\u0113c muzejrezerv\u0101ta apmekl\u0113juma skol\u0113ni turpin\u0101ja darbu, p\u0113tot katrs savu pastkartei izv\u0113l\u0113to objektu, v\u0101cot inform\u0101ciju par to un apskatot to dab\u0101. Pastkar\u0161u veido\u0161an\u0101 skol\u0113ni izv\u0113l\u0113j\u0101s da\u017e\u0101das tehnikas.<\/p>\n\n\n\n<p>Ar viet\u0113j\u0101 uz\u0146\u0113muma \u201cSiguldas Dizains\u201d atbalstu un Siguldas pils\u0113tas vidusskolas skolot\u0101jas Ievas Resseles k\u0101 maket\u0113t\u0101jas pal\u012bdz\u012bbu projekta \u201cSiguldas pastkarte\u201d nosl\u0113gum\u0101 katrs skol\u0113ns ir ticis pie \u012bstas, pa\u0161a rad\u012btas Siguldas pastkartes, kuru k\u0101 sveicienu no Siguldas, iesp\u0113jams, k\u0101ds atrad\u012bs sav\u0101 pastkast\u012bt\u0113.<\/p>\n","protected":false},"excerpt":{"rendered":"<p>Projekts \u201cSiguldas pastkarte\u201d Siguldas pils\u0113tas vidusskolas 5. c klases skol\u0113ni 2024.\/2025. m\u0101c\u012bbu gada projektu dienu ietvaros \u012bstenoja projektu \u201cSiguldas pastkarte\u201d. Projekta m\u0113r\u0137is bija iepaz\u012bt Siguldas un t\u0101s apk\u0101rtnes iev\u0113rojam\u0101k\u0101s vietas, apskates objektus un izveidot savu ori\u0123in\u0101lo pastkarti, kas rosin\u0101tu ar\u012b citus apmekl\u0113t \u0161\u012bs vietas. Projekta ietvaros skol\u0113ni dev\u0101s uz Turaidas muzejrezerv\u0101ta kr\u0101jumu, kur glab\u0101jas bag\u0101t\u012bga &#8230; <a title=\"Skol\u0113nu projektu darbi\" class=\"read-more\" href=\"https:\/\/siguldaspv.edu.lv\/?page_id=1112\" aria-label=\"Read more about Skol\u0113nu projektu darbi\">Las\u012bt t\u0101l\u0101k<\/a><\/p>\n","protected":false},"author":1,"featured_media":0,"parent":0,"menu_order":0,"comment_status":"closed","ping_status":"closed","template":"","meta":{"inline_featured_image":false,"footnotes":""},"class_list":["post-1112","page","type-page","status-publish"],"_links":{"self":[{"href":"https:\/\/siguldaspv.edu.lv\/index.php?rest_route=\/wp\/v2\/pages\/1112","targetHints":{"allow":["GET"]}}],"collection":[{"href":"https:\/\/siguldaspv.edu.lv\/index.php?rest_route=\/wp\/v2\/pages"}],"about":[{"href":"https:\/\/siguldaspv.edu.lv\/index.php?rest_route=\/wp\/v2\/types\/page"}],"author":[{"embeddable":true,"href":"https:\/\/siguldaspv.edu.lv\/index.php?rest_route=\/wp\/v2\/users\/1"}],"replies":[{"embeddable":true,"href":"https:\/\/siguldaspv.edu.lv\/index.php?rest_route=%2Fwp%2Fv2%2Fcomments&post=1112"}],"version-history":[{"count":2,"href":"https:\/\/siguldaspv.edu.lv\/index.php?rest_route=\/wp\/v2\/pages\/1112\/revisions"}],"predecessor-version":[{"id":1120,"href":"https:\/\/siguldaspv.edu.lv\/index.php?rest_route=\/wp\/v2\/pages\/1112\/revisions\/1120"}],"wp:attachment":[{"href":"https:\/\/siguldaspv.edu.lv\/index.php?rest_route=%2Fwp%2Fv2%2Fmedia&parent=1112"}],"curies":[{"name":"wp","href":"https:\/\/api.w.org\/{rel}","templated":true}]}}