{"id":1001,"date":"2024-10-07T11:27:11","date_gmt":"2024-10-07T08:27:11","guid":{"rendered":"https:\/\/siguldaspv.edu.lv\/?page_id=1001"},"modified":"2024-12-06T10:08:51","modified_gmt":"2024-12-06T08:08:51","slug":"labas-macisanas-noteikumi","status":"publish","type":"page","link":"https:\/\/siguldaspv.edu.lv\/?page_id=1001","title":{"rendered":"Labas m\u0101c\u012b\u0161an\u0101s noteikumi"},"content":{"rendered":"\n<p><a href=\"https:\/\/siguldaspv.edu.lv\/wp-content\/uploads\/2024\/10\/Labas_macisanas_noteikumi-_-sekas-SPV.pdf\">Noteikumu un seku atg\u0101dne<\/a><\/p>\n\n\n<div class=\"wp-block-image\">\n<figure class=\"aligncenter size-full is-resized\"><img loading=\"lazy\" decoding=\"async\" width=\"427\" height=\"605\" src=\"https:\/\/siguldaspv.edu.lv\/wp-content\/uploads\/2024\/12\/Laba_macisanas1.jpg\" alt=\"\" class=\"wp-image-1077\" style=\"width:615px;height:auto\" srcset=\"https:\/\/siguldaspv.edu.lv\/wp-content\/uploads\/2024\/12\/Laba_macisanas1.jpg 427w, https:\/\/siguldaspv.edu.lv\/wp-content\/uploads\/2024\/12\/Laba_macisanas1-212x300.jpg 212w\" sizes=\"auto, (max-width: 427px) 100vw, 427px\" \/><\/figure>\n<\/div>\n\n<div class=\"wp-block-image\">\n<figure class=\"aligncenter size-full is-resized\"><img loading=\"lazy\" decoding=\"async\" width=\"427\" height=\"605\" src=\"https:\/\/siguldaspv.edu.lv\/wp-content\/uploads\/2024\/12\/Laba_macisanas2.jpg\" alt=\"\" class=\"wp-image-1078\" style=\"width:612px;height:auto\" srcset=\"https:\/\/siguldaspv.edu.lv\/wp-content\/uploads\/2024\/12\/Laba_macisanas2.jpg 427w, https:\/\/siguldaspv.edu.lv\/wp-content\/uploads\/2024\/12\/Laba_macisanas2-212x300.jpg 212w\" sizes=\"auto, (max-width: 427px) 100vw, 427px\" \/><\/figure>\n<\/div>","protected":false},"excerpt":{"rendered":"<p>Noteikumu un seku atg\u0101dne<\/p>\n","protected":false},"author":1,"featured_media":0,"parent":0,"menu_order":0,"comment_status":"closed","ping_status":"closed","template":"","meta":{"inline_featured_image":false,"footnotes":""},"class_list":["post-1001","page","type-page","status-publish"],"_links":{"self":[{"href":"https:\/\/siguldaspv.edu.lv\/index.php?rest_route=\/wp\/v2\/pages\/1001","targetHints":{"allow":["GET"]}}],"collection":[{"href":"https:\/\/siguldaspv.edu.lv\/index.php?rest_route=\/wp\/v2\/pages"}],"about":[{"href":"https:\/\/siguldaspv.edu.lv\/index.php?rest_route=\/wp\/v2\/types\/page"}],"author":[{"embeddable":true,"href":"https:\/\/siguldaspv.edu.lv\/index.php?rest_route=\/wp\/v2\/users\/1"}],"replies":[{"embeddable":true,"href":"https:\/\/siguldaspv.edu.lv\/index.php?rest_route=%2Fwp%2Fv2%2Fcomments&post=1001"}],"version-history":[{"count":6,"href":"https:\/\/siguldaspv.edu.lv\/index.php?rest_route=\/wp\/v2\/pages\/1001\/revisions"}],"predecessor-version":[{"id":1084,"href":"https:\/\/siguldaspv.edu.lv\/index.php?rest_route=\/wp\/v2\/pages\/1001\/revisions\/1084"}],"wp:attachment":[{"href":"https:\/\/siguldaspv.edu.lv\/index.php?rest_route=%2Fwp%2Fv2%2Fmedia&parent=1001"}],"curies":[{"name":"wp","href":"https:\/\/api.w.org\/{rel}","templated":true}]}}